{"id":6782,"date":"2022-03-11T14:06:50","date_gmt":"2022-03-11T13:06:50","guid":{"rendered":"https:\/\/www.flipperclubbasel.ch\/?page_id=6782"},"modified":"2022-03-11T14:11:27","modified_gmt":"2022-03-11T13:11:27","slug":"anmeldebestaetigung","status":"publish","type":"page","link":"https:\/\/www.flipperclubbasel.ch\/index.php\/anmeldebestaetigung\/","title":{"rendered":"Anmeldebest\u00e4tigung"},"content":{"rendered":"<hr>\n<h5 style=\"text-align: center;\"><span style=\"color: #000080;\">Herzlichen Dank f\u00fcr deine Anmeldung.<\/span><br \/>\n<span style=\"color: #000080;\">Deine Pl\u00e4tze sind reserviert.<\/span><\/h5>\n<p>&nbsp;<\/p>\n<h3 style=\"text-align: center;\"><strong><span style=\"text-decoration: underline;\"><a href=\"https:\/\/www.flipperclubbasel.ch\/index.php\/flipperclub-regio-basel\/oeffnungszeiten\/\"><span style=\"color: #800000; text-decoration: underline;\">Zur\u00fcck zu den \u00d6ffnungszeiten<\/span><\/a><\/span><\/strong><\/h3>\n","protected":false},"excerpt":{"rendered":"<p>Herzlichen Dank f\u00fcr deine Anmeldung. Deine Pl\u00e4tze sind reserviert. &nbsp; Zur\u00fcck zu den \u00d6ffnungszeiten<\/p>\n","protected":false},"author":1,"featured_media":0,"parent":0,"menu_order":0,"comment_status":"closed","ping_status":"closed","template":"","meta":{"ngg_post_thumbnail":0,"_price":"","_stock":"","_tribe_ticket_header":"","_tribe_default_ticket_provider":"","_tribe_ticket_capacity":"0","_ticket_start_date":"","_ticket_end_date":"","_tribe_ticket_show_description":"","_tribe_ticket_show_not_going":false,"_tribe_ticket_use_global_stock":"","_tribe_ticket_global_stock_level":"","_global_stock_mode":"","_global_stock_cap":"","_tribe_rsvp_for_event":"","_tribe_ticket_going_count":"","_tribe_ticket_not_going_count":"","_tribe_tickets_list":"[]","_tribe_ticket_has_attendee_info_fields":false,"jetpack_post_was_ever_published":false,"footnotes":""},"class_list":["post-6782","page","type-page","status-publish","hentry"],"jetpack_sharing_enabled":false,"jetpack_shortlink":"https:\/\/wp.me\/P7a9OP-1Lo","_links":{"self":[{"href":"https:\/\/www.flipperclubbasel.ch\/index.php\/wp-json\/wp\/v2\/pages\/6782","targetHints":{"allow":["GET"]}}],"collection":[{"href":"https:\/\/www.flipperclubbasel.ch\/index.php\/wp-json\/wp\/v2\/pages"}],"about":[{"href":"https:\/\/www.flipperclubbasel.ch\/index.php\/wp-json\/wp\/v2\/types\/page"}],"author":[{"embeddable":true,"href":"https:\/\/www.flipperclubbasel.ch\/index.php\/wp-json\/wp\/v2\/users\/1"}],"replies":[{"embeddable":true,"href":"https:\/\/www.flipperclubbasel.ch\/index.php\/wp-json\/wp\/v2\/comments?post=6782"}],"version-history":[{"count":2,"href":"https:\/\/www.flipperclubbasel.ch\/index.php\/wp-json\/wp\/v2\/pages\/6782\/revisions"}],"predecessor-version":[{"id":6784,"href":"https:\/\/www.flipperclubbasel.ch\/index.php\/wp-json\/wp\/v2\/pages\/6782\/revisions\/6784"}],"wp:attachment":[{"href":"https:\/\/www.flipperclubbasel.ch\/index.php\/wp-json\/wp\/v2\/media?parent=6782"}],"curies":[{"name":"wp","href":"https:\/\/api.w.org\/{rel}","templated":true}]}}