{"id":6215,"date":"2021-10-26T21:42:06","date_gmt":"2021-10-26T19:42:06","guid":{"rendered":"https:\/\/www.flipperclubbasel.ch\/?page_id=6215"},"modified":"2026-03-29T00:05:03","modified_gmt":"2026-03-28T23:05:03","slug":"team-alpha-turnier","status":"publish","type":"page","link":"https:\/\/www.flipperclubbasel.ch\/index.php\/team-alpha-turnier\/","title":{"rendered":"Team Alpha Turnier"},"content":{"rendered":"<hr>\n<p style=\"padding-left: 40px; text-align: center;\"><span style=\"color: #800000; font-size: 22px; text-align: center;\">Team Alpha Turnier &nbsp;&#8211; Flip Frenzy, Head2Head<\/span><\/p>\n<p style=\"font-weight: 400; text-align: center;\">Das beliebte Sonntagsturnier.<br \/>\nJeder Teilnehmer spielt bis zum Schluss der Quali mit, die in spannenden Flip Frenzy Matches ausgetragen wird. Danach duellieren sich mindestens 25% der besten Spieler im Klassischen Single Elimination Bracket. Alle Finalspiele werden als Best-of-three ausgetragen. Das Spiel um den dritten Platz wird an einem Ger\u00e4t mit einem Spiel ausgetragen.<\/p>\n<p style=\"font-weight: 400; text-align: center;\">Die Quali dauert bis ca. 16.30 Uhr.<br \/>\nFalls n\u00f6tig, gibt es ein Tie Breaker mit einem Spiel an einem Ger\u00e4t<\/p>\n<p style=\"text-align: center;\"><span style=\"color: #800000;\">Es wird empfohlen einen <a href=\"https:\/\/next.matchplay.events\/\" target=\"_blank\" rel=\"noopener\">Matchplay Account<\/a> zu erstellen um auch \u00fcber Smart Devices den Spielstand abzufragen.<\/span><\/p>\n<hr>\n<ul>\n<li><strong>Turnierformat:<\/strong> Head-2-Head (Flip Frenzy)<\/li>\n<li><strong>IFPA: <\/strong>Ja (TGP 100%)<\/li>\n<li><strong>Verwendete Turniersoftware:<\/strong> <a href=\"http:\/\/matchplay.live\/2024\" target=\"_blank\" rel=\"noopener noreferrer\">Matchplay<\/a> &nbsp;<\/li>\n<li><strong>Laufzeit: <\/strong>3 x pro Jahr an einem Nachmittag, ca. 6-7 Stunden<\/li>\n<li><strong>Anzahl Teilnehmer:<\/strong> limitiert auf 60 Spieler<\/li>\n<li style=\"text-align: left;\"><strong>Teilnahmeberechtigt :<\/strong>&nbsp;Alle<\/li>\n<li style=\"text-align: left;\"><strong>Startgeb\u00fchr inkl. Tagesmitgliefschaft:<\/strong> CHF 25.- pro Tag<br \/>\nKeine Vorkasse nur Barzahlung vor Ort m\u00f6glich<\/li>\n<\/ul>\n<h5>&nbsp;<\/h5>\n<h5 style=\"text-align: center;\"><span style=\"color: #800000;\">Eine vorherige Anmeldung f\u00fcr das Turnier ist zwingend erforderlich!<\/span><\/h5>\n<h5 style=\"text-align: center;\"><span style=\"color: #800000;\">Turnierstart p\u00fcnktlich 30 Minuten nach T\u00fcr\u00f6ffnung.<\/span><\/h5>\n<p>&nbsp;<\/p>\n<h5 style=\"text-align: center;\"><span style=\"color: #800000;\">Es wird keine Essenspause geben.<br \/>\nSandwiches und Snacks sind bei uns erh\u00e4ltlich!<\/span><\/h5>\n<p>&nbsp;<\/p>\n<hr>\n<h3 style=\"text-align: center;\">N\u00e4chstes Turnier:<\/h3>\n<h3 style=\"text-align: center;\"><span style=\"text-decoration: underline;\"><strong><span style=\"color: #800000; text-decoration: underline;\">Sonntag 21. Juni 2026<\/span><\/strong><\/span><\/h3>\n<p style=\"text-align: center;\">&nbsp;<\/p>\n<p>&nbsp;<\/p>\n<h5><span style=\"text-decoration: underline; color: #0000ff;\">Anmeldung<\/span><\/h5>\n<pre>T\u00fcr\u00f6ffnung      :  11.00\r\nTurnierstart    :  11.30\r\nTurnierende ca. :  18.30\r\n\r\n<strong>Das Lokal schliesst eine halbe Stunde nach der Siegerehrung<\/strong><\/pre>\n<div style=\"display:none\" class=\"fm-form-container fm-theme1\"><div id=\"fm-pages7\" class=\"fm-pages wdform_page_navigation \" show_title=\"\" show_numbers=\"1\" type=\"none\"><\/div><form name=\"form7\" action=\"\/index.php\/wp-json\/wp\/v2\/pages\/6215\" method=\"post\" id=\"form7\" class=\"fm-form form7 no_header \" enctype=\"multipart\/form-data\"><input type=\"hidden\" id=\"fm_page_id7\" value=\"6215\" name=\"fm_page_id7\" \/><input type=\"hidden\" id=\"fm_current_post_type7\" value=\"page\" name=\"fm_current_post_type7\" \/><input type=\"hidden\" id=\"counter7\" value=\"16\" name=\"counter7\" \/><input type=\"hidden\" id=\"Itemid7\" value=\"\" name=\"Itemid7\" \/><input type=\"hidden\" id=\"fm_shake7\" value=\"1\" name=\"fm_shake7\" \/><input type=\"text\" class=\"fm-hide\" id=\"fm_empty_field_validation7\" value=\"\" name=\"fm_empty_field_validation7\" data-value=\"bd736efb144d599cf463541431fbf5c4\" \/><div class=\"wdform-page-and-images fm-form-builder\"><div id=\"7form_view1\" class=\"wdform_page\" page_title=\"Untitled page\" next_title=\"Next\" next_type=\"text\" next_class=\"wdform-page-button\" next_checkable=\"true\" previous_title=\"Previous\" previous_type=\"text\" previous_class=\"wdform-page-button\" previous_checkable=\"false\"><div class=\"wdform_section\" style=\"position: relative; left: 0px; top: 0px;\"><div class=\"wdform_column\"><div wdid=\"3\" class=\"wdform_row\"><div type=\"type_name\" class=\"wdform-field wd-width-100 wd-flex wd-flex-column fm-type_name\" ><div class=\"wdform-label-section wd-width-100  wd-flex-row\">    <label  for=\"wdform_3_element_first7\" class=\"wdform-label\">Dein Name<\/label><span class=\"wdform-required\">*<\/span><\/div><div class=\"wdform-element-section wd-flex  wd-flex-row wd-width-100\" ><div class=\"wd-flex wd-flex-column wd-width-50\"><input type=\"text\" class=\"wd-width-100\" id=\"wdform_3_element_first7\" name=\"wdform_3_element_first7\" data-value=\"\" value=\"\" title=\"Vorname\" placeholder=\"Vorname\"  \/><label class=\"mini_label\" for=\"wdform_3_element_first7\"><\/label><\/div><div class=\"wd-flex wd-flex-column wd-name-separator\"><\/div><div class=\"wd-flex wd-flex-column wd-width-50\"><input type=\"text\" class=\"wd-width-100\" id=\"wdform_3_element_last7\" name=\"wdform_3_element_last7\" data-value=\"\" value=\"\" title=\"Name\" placeholder=\"Name\"  \/><label class=\"mini_label\" for=\"wdform_3_element_last7\"><\/label><\/div><\/div><\/div><\/div><\/div><div class=\"wdform_column\"><div wdid=\"4\" class=\"wdform_row\"><div type=\"type_submitter_mail\" class=\"wdform-field wd-width-100 wd-flex wd-flex-column fm-type_submitter_mail\" ><div class=\"wdform-label-section wd-width-100  wd-flex-row\">    <label  for=\"wdform_4_element7\" class=\"wdform-label\">Deine Email<\/label><span class=\"wdform-required\">*<\/span><\/div><div class=\"wdform-element-section wd-flex  wd-flex-row wd-width-100\" ><input type=\"text\" class=\"wd-width-100\" id=\"wdform_4_element7\" name=\"wdform_4_element7\" data-value=\"\" value=\"\" title=\"....@....\" placeholder=\"....@....\"   onchange=\"wd_check_email('4', '7', 'Dies ist keine g\u00fcltige E-Mail-Adresse.')\" \/><\/div><\/div><\/div><\/div><div class=\"wdform_column\"><div wdid=\"9\" class=\"wdform_row\"><div type=\"type_spinner\" class=\"wdform-field wd-width-100 wd-flex wd-flex-column fm-type_spinner\" ><div class=\"wdform-label-section wd-width-100  wd-flex-row\">    <label  for=\"wdform_9_element7\" class=\"wdform-label\">Deine IFPA ID<\/label><\/div><div class=\"wdform-element-section wd-flex  wd-flex-row wd-width-100\" ><input                            name=\"wdform_9_element7\"                            id=\"wdform_9_element7\"                            class=\"wd-type-number\"                            onkeyup=\"wd_validate(this)\"                            data-valid-type=\"number\"                            data-form-id=\"7\"                            data-wdid=\"9\"                            style=\"width: 200px;\"                            data-value=\"\"                            value=\"\"                             \/><\/div><\/div><\/div><div wdid=\"13\" class=\"wdform_row\" style=\"position: relative; left: 0px; top: 0px;\"><div type=\"type_editor\" class=\"wdform-field\"><p><span style=\"font-family: Helvetica, sans-serif; font-size: 14px; font-style: normal;\">Du kennst deine ID nicht? Gehe zu <\/span><a data-mce-href=\"https:\/\/www.ifpapinball.com\/players\/find.php\" href=\"https:\/\/www.ifpapinball.com\/players\/find.php\" target=\"_blank\" style=\"font-family: Helvetica, sans-serif; font-size: 14px; font-style: normal;\">IFPA Player Search<\/a><\/p><\/div><\/div><\/div><div class=\"wdform_column\"><div wdid=\"8\" class=\"wdform_row\"><div type=\"type_textarea\" class=\"wdform-field wd-width-100 wd-flex wd-flex-column fm-type_textarea\" ><div class=\"wdform-label-section wd-width-100 \">    <label  for=\"wdform_8_element7\" class=\"wdform-label\">Deine Nachricht an uns<\/label><\/div><div class=\"wdform-element-section wd-flex  wd-width-100\" style=\"max-width: 500px;\"><textarea class=\"wd-width-100\"                      id=\"wdform_8_element7\"                      name=\"wdform_8_element7\"                      placeholder=\"\"                      data-value=\"\"                      maxlength=\"\"                      style=\"height: 100px;\"                      ><\/textarea><\/div><\/div><\/div><\/div><div class=\"wdform_column\"><div wdid=\"1\" class=\"wdform_row\" style=\"position: relative; left: 0px; top: 0px;\"><div type=\"type_submit_reset\" class=\"wdform-field wd-width-100 wd-flex wd-flex-column fm-type_submit_reset\" ><div class=\"wdform-element-section wd-flex  wd-flex-row wd-justify-content-center wd-width-100\" ><button  type=\"button\" class=\"button-submit\" onclick=\"fm_submit_form('7');\"  data-ajax=\"0\"><span class=\"fm-submit-loading spinner fm-ico-spinner\"><\/span>Senden!<\/button><button  type=\"button\" class=\"button-reset wd-hidden\" onclick=\"fm_reset_form(7);\" >Reset<\/button><\/div><\/div><\/div><\/div><\/div><div valign=\"top\" class=\"wdform_footer wd-width-100\"><div class=\"wd-width-100\"><div class=\"wd-width-100 wd-table\" style=\"padding-top:10px;\"><div class=\"wd-table-group\"><div id=\"7page_nav1\" class=\"wd-table-row\"><\/div><\/div><\/div><\/div><\/div><\/div><\/div><div class=\"wdform_preload\"><\/div><input type=\"hidden\" name=\"fm-current-page\" value=\"https:\/\/www.flipperclubbasel.ch\/index.php\/wp-json\/wp\/v2\/pages\/6215\" \/><\/form><\/div>\n<p>&nbsp;<\/p>\n<p><img loading=\"lazy\" decoding=\"async\" class=\" wp-image-7653 alignright\" src=\"http:\/\/www.flipperclubbasel.ch\/wordpress\/wp-content\/uploads\/2023\/01\/Pokale-TAT-23-225x300.jpeg\" alt=\"\" width=\"251\" height=\"334\" srcset=\"https:\/\/www.flipperclubbasel.ch\/wordpress\/wp-content\/uploads\/2023\/01\/Pokale-TAT-23-225x300.jpeg 225w, https:\/\/www.flipperclubbasel.ch\/wordpress\/wp-content\/uploads\/2023\/01\/Pokale-TAT-23-768x1024.jpeg 768w, https:\/\/www.flipperclubbasel.ch\/wordpress\/wp-content\/uploads\/2023\/01\/Pokale-TAT-23-1152x1536.jpeg 1152w, https:\/\/www.flipperclubbasel.ch\/wordpress\/wp-content\/uploads\/2023\/01\/Pokale-TAT-23-1320x1760.jpeg 1320w, https:\/\/www.flipperclubbasel.ch\/wordpress\/wp-content\/uploads\/2023\/01\/Pokale-TAT-23.jpeg 1536w\" sizes=\"auto, (max-width: 251px) 100vw, 251px\" \/><\/p>\n<hr>\n<p><b><u>Preise:<\/u><\/b><\/p>\n<ul>\n<li>1. &#8211; 4. Platz, Pokal und kleiner Sachpreis. &nbsp;<\/li>\n<li>5. &#8211; 8. Platz, kleiner Sachpreis<\/li>\n<\/ul>\n<p>&nbsp;<\/p>\n<hr>\n<h5>&nbsp;<\/h5>\n<h5>&nbsp;<\/h5>\n<h5>&nbsp;<\/h5>\n<h5>&nbsp;<\/h5>\n<h5>&nbsp;<\/h5>\n<h5><span style=\"text-decoration: underline;\"><strong>Die Sieger<\/strong><\/span><\/h5>\n<p>&nbsp;<\/p>\n<p><span style=\"text-decoration: underline;\"><strong>2026<\/strong><\/span><\/p>\n<pre><a href=\"https:\/\/www.ifpapinball.com\/tournaments\/view.php?t=108160\">28. Dezember<\/a>    -  \r\n<a href=\"https:\/\/www.ifpapinball.com\/tournaments\/view.php?t=108158\">21. Juni<\/a>        - \r\n<a href=\"https:\/\/www.ifpapinball.com\/tournaments\/view.php?t=108159\">22. M\u00e4rz<\/a>        -  Thomas Grieder<\/pre>\n<p><span style=\"text-decoration: underline;\"><strong>2025<\/strong><\/span><\/p>\n<pre><a href=\"https:\/\/www.ifpapinball.com\/tournaments\/view.php?t=88116\">28. Dezember <\/a>   -  Alexander Ackermann\r\n<a href=\"https:\/\/www.ifpapinball.com\/tournaments\/view.php?t=88118\">21. September<\/a>   -  Ramon Richard\r\n<a href=\"https:\/\/www.ifpapinball.com\/tournaments\/view.php?t=88117\">13. April<\/a>       -  Levente Tregova<\/pre>\n<p><span style=\"text-decoration: underline;\"><strong>2024<\/strong><\/span><\/p>\n<pre><a href=\"https:\/\/www.ifpapinball.com\/tournaments\/view.php?t=71398#\">29. Dezember<\/a>    -  Niggi Stirnimann \r\n<a href=\"https:\/\/www.ifpapinball.com\/tournaments\/view.php?t=71397#\">29. September<\/a>   -  Denis Ritter\r\n<a href=\"https:\/\/www.ifpapinball.com\/tournaments\/view.php?t=71396#\">21. April<\/a>       -  Ben Moser<\/pre>\n<p><span style=\"text-decoration: underline;\"><strong>2023<\/strong><\/span><\/p>\n<pre><a href=\"https:\/\/www.ifpapinball.com\/tournaments\/view.php?t=58400#\" target=\"_blank\" rel=\"noopener\">28. Dezember<\/a>   -  Didier Bezen\u00e7on\r\n<a href=\"https:\/\/www.ifpapinball.com\/tournaments\/view.php?t=58402#\" target=\"_blank\" rel=\"noopener\">01. Oktober<\/a>    -  Stefan Mory\r\n<a href=\"https:\/\/www.ifpapinball.com\/tournaments\/view.php?t=58401#\" target=\"_blank\" rel=\"noopener\">26. M\u00e4rz<\/a>       -  Ben Moser<\/pre>\n<p><span style=\"text-decoration: underline;\"><strong>2022<\/strong><\/span><\/p>\n<pre><a href=\"https:\/\/www.ifpapinball.com\/tournaments\/view.php?t=52746\" target=\"_blank\" rel=\"noopener\">28. Dezember<\/a>   -  Ramon Richard\r\n<a href=\"https:\/\/www.ifpapinball.com\/tournaments\/view.php?t=52745#\" target=\"_blank\" rel=\"noopener\">02. Oktober<\/a>    -  Andreas Borer\r\n<a href=\"https:\/\/www.ifpapinball.com\/tournaments\/view.php?t=48690\" target=\"_blank\" rel=\"noopener\">03. Juli <\/a>      -  Hugo Ritter\r\n<a href=\"https:\/\/www.ifpapinball.com\/tournaments\/view.php?t=48689\" target=\"_blank\" rel=\"noopener\">10. April<\/a>      -  Niggi Stirnimann<\/pre>\n<p><span style=\"text-decoration: underline;\"><strong>2021<\/strong><\/span><\/p>\n<pre><a href=\"https:\/\/www.ifpapinball.com\/tournaments\/view.php?t=45656\" target=\"_blank\" rel=\"noopener\">28. Dezember<\/a>   -  Hugo Ritter\r\n<\/pre>\n","protected":false},"excerpt":{"rendered":"<p>Team Alpha Turnier &nbsp;&#8211; Flip Frenzy, Head2Head Das beliebte Sonntagsturnier. Jeder Teilnehmer spielt bis zum Schluss der Quali mit, die in spannenden Flip Frenzy Matches ausgetragen wird. Danach duellieren sich mindestens 25% der besten Spieler im Klassischen Single Elimination Bracket.&hellip; <\/p>\n","protected":false},"author":1,"featured_media":0,"parent":0,"menu_order":0,"comment_status":"closed","ping_status":"closed","template":"","meta":{"ngg_post_thumbnail":0,"_price":"","_stock":"","_tribe_ticket_header":"","_tribe_default_ticket_provider":"","_tribe_ticket_capacity":"0","_ticket_start_date":"","_ticket_end_date":"","_tribe_ticket_show_description":"","_tribe_ticket_show_not_going":false,"_tribe_ticket_use_global_stock":"","_tribe_ticket_global_stock_level":"","_global_stock_mode":"","_global_stock_cap":"","_tribe_rsvp_for_event":"","_tribe_ticket_going_count":"","_tribe_ticket_not_going_count":"","_tribe_tickets_list":"[]","_tribe_ticket_has_attendee_info_fields":false,"jetpack_post_was_ever_published":false,"footnotes":""},"class_list":["post-6215","page","type-page","status-publish","hentry"],"jetpack_sharing_enabled":true,"jetpack_shortlink":"https:\/\/wp.me\/P7a9OP-1Cf","_links":{"self":[{"href":"https:\/\/www.flipperclubbasel.ch\/index.php\/wp-json\/wp\/v2\/pages\/6215","targetHints":{"allow":["GET"]}}],"collection":[{"href":"https:\/\/www.flipperclubbasel.ch\/index.php\/wp-json\/wp\/v2\/pages"}],"about":[{"href":"https:\/\/www.flipperclubbasel.ch\/index.php\/wp-json\/wp\/v2\/types\/page"}],"author":[{"embeddable":true,"href":"https:\/\/www.flipperclubbasel.ch\/index.php\/wp-json\/wp\/v2\/users\/1"}],"replies":[{"embeddable":true,"href":"https:\/\/www.flipperclubbasel.ch\/index.php\/wp-json\/wp\/v2\/comments?post=6215"}],"version-history":[{"count":262,"href":"https:\/\/www.flipperclubbasel.ch\/index.php\/wp-json\/wp\/v2\/pages\/6215\/revisions"}],"predecessor-version":[{"id":9798,"href":"https:\/\/www.flipperclubbasel.ch\/index.php\/wp-json\/wp\/v2\/pages\/6215\/revisions\/9798"}],"wp:attachment":[{"href":"https:\/\/www.flipperclubbasel.ch\/index.php\/wp-json\/wp\/v2\/media?parent=6215"}],"curies":[{"name":"wp","href":"https:\/\/api.w.org\/{rel}","templated":true}]}}