{"id":606,"date":"2016-03-02T21:38:25","date_gmt":"2016-03-02T20:38:25","guid":{"rendered":"http:\/\/www.flipperclubbasel.ch\/?page_id=606"},"modified":"2026-03-07T19:05:10","modified_gmt":"2026-03-07T18:05:10","slug":"flipperliste","status":"publish","type":"page","link":"https:\/\/www.flipperclubbasel.ch\/index.php\/flipperliste\/","title":{"rendered":"Flipperliste"},"content":{"rendered":"<hr>\n<p>Wir wollen die Liste so aktuell wie m\u00f6glich halten, es kann aber immer mal vorkommen dass Ger\u00e4te kurzfristig ausfallen und deshalb nicht in Betrieb sind. Wir bitten um Verst\u00e4ndnis falls du deinen Lieblingsflipper nicht Funktionst\u00fcchtig&nbsp;antreffen solltest!<\/p>\n<p>&nbsp;<\/p>\n<h5><span style=\"color: #800000;\">Stand vom 07.03.2025<\/span><\/h5>\n<p>&nbsp;<\/p>\n\n<table id=\"tablepress-5\" class=\"tablepress tablepress-id-5\" aria-describedby=\"tablepress-5-description\">\n<thead>\n<tr class=\"row-1\">\n\t<th class=\"column-1\">Nr. <\/th><th class=\"column-2\">Titel<\/th><th class=\"column-3\">Hersteller<\/th><th class=\"column-4\">Typ<\/th><th class=\"column-5\">Jg.<\/th>\n<\/tr>\n<\/thead>\n<tbody class=\"row-striping row-hover\">\n<tr class=\"row-2\">\n\t<td class=\"column-1\">01<\/td><td class=\"column-2\">JJP's Pirates of the Caribbean<\/td><td class=\"column-3\">JJP<\/td><td class=\"column-4\">LCD<\/td><td class=\"column-5\">2018<\/td>\n<\/tr>\n<tr class=\"row-3\">\n\t<td class=\"column-1\">02<\/td><td class=\"column-2\">Dialed In<\/td><td class=\"column-3\">JJP<\/td><td class=\"column-4\">LCD<\/td><td class=\"column-5\">2017<\/td>\n<\/tr>\n<tr class=\"row-4\">\n\t<td class=\"column-1\">03<\/td><td class=\"column-2\">Fish Tales<\/td><td class=\"column-3\">Williams<\/td><td class=\"column-4\">DMD<\/td><td class=\"column-5\">1992<\/td>\n<\/tr>\n<tr class=\"row-5\">\n\t<td class=\"column-1\">04<\/td><td class=\"column-2\">WHO dunnit<\/td><td class=\"column-3\">Midway\/Bally<\/td><td class=\"column-4\">DMD<\/td><td class=\"column-5\">1995<\/td>\n<\/tr>\n<tr class=\"row-6\">\n\t<td class=\"column-1\">05<\/td><td class=\"column-2\">Star Trek the Next Generation<\/td><td class=\"column-3\">Williams<\/td><td class=\"column-4\">DMD<\/td><td class=\"column-5\">1993<\/td>\n<\/tr>\n<tr class=\"row-7\">\n\t<td class=\"column-1\">06<\/td><td class=\"column-2\">Medival Madness<\/td><td class=\"column-3\">Williams<\/td><td class=\"column-4\">DMD<\/td><td class=\"column-5\">1997<\/td>\n<\/tr>\n<tr class=\"row-8\">\n\t<td class=\"column-1\">07<\/td><td class=\"column-2\">Indianapolis 500<\/td><td class=\"column-3\">Bally<\/td><td class=\"column-4\">DMD<\/td><td class=\"column-5\">1995<\/td>\n<\/tr>\n<tr class=\"row-9\">\n\t<td class=\"column-1\">08<\/td><td class=\"column-2\">Monster Bash<\/td><td class=\"column-3\">Williams<\/td><td class=\"column-4\">DMD<\/td><td class=\"column-5\">1998<\/td>\n<\/tr>\n<tr class=\"row-10\">\n\t<td class=\"column-1\">09<\/td><td class=\"column-2\">Congo<\/td><td class=\"column-3\">Williams<\/td><td class=\"column-4\">DMD<\/td><td class=\"column-5\">1995<\/td>\n<\/tr>\n<tr class=\"row-11\">\n\t<td class=\"column-1\">10<\/td><td class=\"column-2\">Theater of Magic<\/td><td class=\"column-3\">Bally<\/td><td class=\"column-4\">DMD<\/td><td class=\"column-5\">1995<\/td>\n<\/tr>\n<tr class=\"row-12\">\n\t<td class=\"column-1\">11<\/td><td class=\"column-2\">Creature from the Black Lagoon<\/td><td class=\"column-3\">Bally\/Midway<\/td><td class=\"column-4\">DMD<\/td><td class=\"column-5\">1992<\/td>\n<\/tr>\n<tr class=\"row-13\">\n\t<td class=\"column-1\">12<\/td><td class=\"column-2\">No Good Gofers<\/td><td class=\"column-3\">Williams<\/td><td class=\"column-4\">DMD<\/td><td class=\"column-5\">1997<\/td>\n<\/tr>\n<tr class=\"row-14\">\n\t<td class=\"column-1\">13<\/td><td class=\"column-2\">Monopoly<\/td><td class=\"column-3\">Stern<\/td><td class=\"column-4\">DMD<\/td><td class=\"column-5\">2001<\/td>\n<\/tr>\n<tr class=\"row-15\">\n\t<td class=\"column-1\">14<\/td><td class=\"column-2\">Lethal Weapon 3<\/td><td class=\"column-3\">Data East<\/td><td class=\"column-4\">DMD<\/td><td class=\"column-5\">1992<\/td>\n<\/tr>\n<tr class=\"row-16\">\n\t<td class=\"column-1\">15<\/td><td class=\"column-2\">Maverick<\/td><td class=\"column-3\">Data East<\/td><td class=\"column-4\">DMD<\/td><td class=\"column-5\">1994<\/td>\n<\/tr>\n<tr class=\"row-17\">\n\t<td class=\"column-1\">16<\/td><td class=\"column-2\">Twilight Zone<\/td><td class=\"column-3\">Williams\/Midway<\/td><td class=\"column-4\">DMD<\/td><td class=\"column-5\">1993<\/td>\n<\/tr>\n<tr class=\"row-18\">\n\t<td class=\"column-1\">17<\/td><td class=\"column-2\">Tales of the Arabian Nights<\/td><td class=\"column-3\">Williams<\/td><td class=\"column-4\">DMD<\/td><td class=\"column-5\">1996<\/td>\n<\/tr>\n<tr class=\"row-19\">\n\t<td class=\"column-1\">18<\/td><td class=\"column-2\">The Addams Family<\/td><td class=\"column-3\">Bally<\/td><td class=\"column-4\">DMD<\/td><td class=\"column-5\">1992<\/td>\n<\/tr>\n<tr class=\"row-20\">\n\t<td class=\"column-1\">19<\/td><td class=\"column-2\">Sharkey's Shootout<\/td><td class=\"column-3\">Sega\/Stern<\/td><td class=\"column-4\">DMD<\/td><td class=\"column-5\">2000<\/td>\n<\/tr>\n<tr class=\"row-21\">\n\t<td class=\"column-1\">20<\/td><td class=\"column-2\">Flash Gordon<\/td><td class=\"column-3\">Bally<\/td><td class=\"column-4\">SS<\/td><td class=\"column-5\">1980<\/td>\n<\/tr>\n<tr class=\"row-22\">\n\t<td class=\"column-1\">21<\/td><td class=\"column-2\">Merry Widow<\/td><td class=\"column-3\">Williams<\/td><td class=\"column-4\">EM<\/td><td class=\"column-5\">1963<\/td>\n<\/tr>\n<tr class=\"row-23\">\n\t<td class=\"column-1\">22<\/td><td class=\"column-2\">Jungle<\/td><td class=\"column-3\">Gottlieb<\/td><td class=\"column-4\">EM<\/td><td class=\"column-5\">1972<\/td>\n<\/tr>\n<tr class=\"row-24\">\n\t<td class=\"column-1\">23<\/td><td class=\"column-2\">Super Straight<\/td><td class=\"column-3\">Segasa\/Sonic<\/td><td class=\"column-4\">EM<\/td><td class=\"column-5\">1977<\/td>\n<\/tr>\n<tr class=\"row-25\">\n\t<td class=\"column-1\">24<\/td><td class=\"column-2\">Magnotron<\/td><td class=\"column-3\">Gottlieb<\/td><td class=\"column-4\">EM<\/td><td class=\"column-5\">1974<\/td>\n<\/tr>\n<tr class=\"row-26\">\n\t<td class=\"column-1\">25<\/td><td class=\"column-2\">Cleopatra<\/td><td class=\"column-3\">Gottlieb<\/td><td class=\"column-4\">SS<\/td><td class=\"column-5\">1977<\/td>\n<\/tr>\n<tr class=\"row-27\">\n\t<td class=\"column-1\">26<\/td><td class=\"column-2\">Joker Poker<\/td><td class=\"column-3\">Gottlieb<\/td><td class=\"column-4\">SS<\/td><td class=\"column-5\">1978<\/td>\n<\/tr>\n<tr class=\"row-28\">\n\t<td class=\"column-1\">27<\/td><td class=\"column-2\">The Incredible Hulk<\/td><td class=\"column-3\">Gottlieb<\/td><td class=\"column-4\">SS<\/td><td class=\"column-5\">1979<\/td>\n<\/tr>\n<tr class=\"row-29\">\n\t<td class=\"column-1\">28<\/td><td class=\"column-2\">KISS<\/td><td class=\"column-3\">Bally<\/td><td class=\"column-4\">SS<\/td><td class=\"column-5\">1979<\/td>\n<\/tr>\n<tr class=\"row-30\">\n\t<td class=\"column-1\">29<\/td><td class=\"column-2\">Totem<\/td><td class=\"column-3\">Gottlieb<\/td><td class=\"column-4\">SS<\/td><td class=\"column-5\">1978<\/td>\n<\/tr>\n<tr class=\"row-31\">\n\t<td class=\"column-1\">30<\/td><td class=\"column-2\">Centaur<\/td><td class=\"column-3\">Bally<\/td><td class=\"column-4\">SS<\/td><td class=\"column-5\">1980<\/td>\n<\/tr>\n<tr class=\"row-32\">\n\t<td class=\"column-1\">31<\/td><td class=\"column-2\">Eight Ball Deluxe<\/td><td class=\"column-3\">Bally<\/td><td class=\"column-4\">SS<\/td><td class=\"column-5\">1981<\/td>\n<\/tr>\n<tr class=\"row-33\">\n\t<td class=\"column-1\">32<\/td><td class=\"column-2\">High Speed<\/td><td class=\"column-3\">Williams<\/td><td class=\"column-4\">SS<\/td><td class=\"column-5\">1986<\/td>\n<\/tr>\n<tr class=\"row-34\">\n\t<td class=\"column-1\">33<\/td><td class=\"column-2\">Cosmic Gunfight<\/td><td class=\"column-3\">Williams<\/td><td class=\"column-4\">SS<\/td><td class=\"column-5\">1982<\/td>\n<\/tr>\n<tr class=\"row-35\">\n\t<td class=\"column-1\">34<\/td><td class=\"column-2\">Jack-Bot<\/td><td class=\"column-3\">Williams<\/td><td class=\"column-4\">DMD<\/td><td class=\"column-5\">1995<\/td>\n<\/tr>\n<tr class=\"row-36\">\n\t<td class=\"column-1\">35<\/td><td class=\"column-2\">Doctor Who<\/td><td class=\"column-3\">Bally\/Midway<\/td><td class=\"column-4\">DMD<\/td><td class=\"column-5\">1992<\/td>\n<\/tr>\n<tr class=\"row-37\">\n\t<td class=\"column-1\">36<\/td><td class=\"column-2\">Terminator 2 ;Judgement Day<\/td><td class=\"column-3\">Williams<\/td><td class=\"column-4\">DMD<\/td><td class=\"column-5\">1991<\/td>\n<\/tr>\n<tr class=\"row-38\">\n\t<td class=\"column-1\">37<\/td><td class=\"column-2\">Dirty Harry<\/td><td class=\"column-3\">Williams<\/td><td class=\"column-4\">DMD<\/td><td class=\"column-5\">1995<\/td>\n<\/tr>\n<tr class=\"row-39\">\n\t<td class=\"column-1\">38<\/td><td class=\"column-2\">Funhouse<\/td><td class=\"column-3\">Williams<\/td><td class=\"column-4\">SS<\/td><td class=\"column-5\">1990<\/td>\n<\/tr>\n<tr class=\"row-40\">\n\t<td class=\"column-1\">39<\/td><td class=\"column-2\">Shrek<\/td><td class=\"column-3\">Stern<\/td><td class=\"column-4\">DMD<\/td><td class=\"column-5\">2008<\/td>\n<\/tr>\n<tr class=\"row-41\">\n\t<td class=\"column-1\">40<\/td><td class=\"column-2\">Revenge from Mars<\/td><td class=\"column-3\">Williams<\/td><td class=\"column-4\">P2000<\/td><td class=\"column-5\">1999<\/td>\n<\/tr>\n<tr class=\"row-42\">\n\t<td class=\"column-1\">41<\/td><td class=\"column-2\">Star Wars Episode I<\/td><td class=\"column-3\">Williams<\/td><td class=\"column-4\">P2000<\/td><td class=\"column-5\">1999<\/td>\n<\/tr>\n<tr class=\"row-43\">\n\t<td class=\"column-1\">42<\/td><td class=\"column-2\">Scared Stiff<\/td><td class=\"column-3\">Bally<\/td><td class=\"column-4\">DMD<\/td><td class=\"column-5\">1996<\/td>\n<\/tr>\n<tr class=\"row-44\">\n\t<td class=\"column-1\">43<\/td><td class=\"column-2\">Bram Stoker's Dracula<\/td><td class=\"column-3\">Williams<\/td><td class=\"column-4\">DMD<\/td><td class=\"column-5\">1993<\/td>\n<\/tr>\n<tr class=\"row-45\">\n\t<td class=\"column-1\">44<\/td><td class=\"column-2\">Indiana Jones<\/td><td class=\"column-3\">Williams<\/td><td class=\"column-4\">DMD<\/td><td class=\"column-5\">1993<\/td>\n<\/tr>\n<tr class=\"row-46\">\n\t<td class=\"column-1\">45<\/td><td class=\"column-2\">Circus Voltaire<\/td><td class=\"column-3\">Bally<\/td><td class=\"column-4\">DMD<\/td><td class=\"column-5\">1997<\/td>\n<\/tr>\n<tr class=\"row-47\">\n\t<td class=\"column-1\">46<\/td><td class=\"column-2\">World Poker Tour<\/td><td class=\"column-3\">Stern<\/td><td class=\"column-4\">DMD<\/td><td class=\"column-5\">2006<\/td>\n<\/tr>\n<tr class=\"row-48\">\n\t<td class=\"column-1\">47<\/td><td class=\"column-2\">Jurassic Park PREMIUM<\/td><td class=\"column-3\">Stern<\/td><td class=\"column-4\">LCD<\/td><td class=\"column-5\">2020<\/td>\n<\/tr>\n<tr class=\"row-49\">\n\t<td class=\"column-1\">48<\/td><td class=\"column-2\">Mustang LE<\/td><td class=\"column-3\">Stern<\/td><td class=\"column-4\">DMD<\/td><td class=\"column-5\">2014<\/td>\n<\/tr>\n<tr class=\"row-50\">\n\t<td class=\"column-1\">49<\/td><td class=\"column-2\">Avatar<\/td><td class=\"column-3\">Stern<\/td><td class=\"column-4\">DMD<\/td><td class=\"column-5\">2010<\/td>\n<\/tr>\n<tr class=\"row-51\">\n\t<td class=\"column-1\">50<\/td><td class=\"column-2\">Metallica Remastered PREMIUM<\/td><td class=\"column-3\">Stern<\/td><td class=\"column-4\">DMD<\/td><td class=\"column-5\">2024<\/td>\n<\/tr>\n<tr class=\"row-52\">\n\t<td class=\"column-1\">51<\/td><td class=\"column-2\">Star Wars PREMIUM<\/td><td class=\"column-3\">Stern<\/td><td class=\"column-4\">LCD<\/td><td class=\"column-5\">2017<\/td>\n<\/tr>\n<tr class=\"row-53\">\n\t<td class=\"column-1\">52<\/td><td class=\"column-2\">Game of Thrones PRO<\/td><td class=\"column-3\">Stern<\/td><td class=\"column-4\">DMD<\/td><td class=\"column-5\">2015<\/td>\n<\/tr>\n<tr class=\"row-54\">\n\t<td class=\"column-1\">53<\/td><td class=\"column-2\">Led Zeppelin PREMIUM<\/td><td class=\"column-3\">Stern<\/td><td class=\"column-4\">LCD<\/td><td class=\"column-5\">2020<\/td>\n<\/tr>\n<tr class=\"row-55\">\n\t<td class=\"column-1\">54<\/td><td class=\"column-2\">The Lord of the Rings<\/td><td class=\"column-3\">Stern<\/td><td class=\"column-4\">DMD<\/td><td class=\"column-5\">2003<\/td>\n<\/tr>\n<tr class=\"row-56\">\n\t<td class=\"column-1\">55<\/td><td class=\"column-2\">Ghostbusters PRO<\/td><td class=\"column-3\">Stern<\/td><td class=\"column-4\">DMD<\/td><td class=\"column-5\">2016<\/td>\n<\/tr>\n<tr class=\"row-57\">\n\t<td class=\"column-1\">56<\/td><td class=\"column-2\">Star Trek PREMIUM<\/td><td class=\"column-3\">Stern<\/td><td class=\"column-4\">DMD<\/td><td class=\"column-5\">2013<\/td>\n<\/tr>\n<tr class=\"row-58\">\n\t<td class=\"column-1\">57<\/td><td class=\"column-2\">Godzilla PREMIUM<\/td><td class=\"column-3\">Stern<\/td><td class=\"column-4\">LCD<\/td><td class=\"column-5\">2021<\/td>\n<\/tr>\n<\/tbody>\n<\/table>\n<span id=\"tablepress-5-description\" class=\"tablepress-table-description tablepress-table-description-id-5\">Kurzfristige \u00c4nderungen vorbehalten<\/span>\n<!-- #tablepress-5 from cache -->\n<p>&nbsp;<\/p>\n<hr>\n<div class=\"printfriendly pf-button  pf-alignleft\">\n                    <a href=\"https:\/\/www.flipperclubbasel.ch\/index.php\/flipperliste\/?pfstyle=wp\" rel=\"nofollow\" onclick=\"\" title=\"Printer Friendly, PDF & Email\">\n                    <img decoding=\"async\" class=\"pf-button-img\" src=\"https:\/\/cdn.printfriendly.com\/buttons\/printfriendly-pdf-email-button-notext.png\" alt=\"Print Friendly, PDF & Email\" style=\"width: 110px;height: 30px;\"  \/>\n                    <\/a>\n                <\/div>\n<hr>\n<p>&nbsp;<\/p>\n<p>&nbsp;<\/p>\n","protected":false},"excerpt":{"rendered":"<p>Wir wollen die Liste so aktuell wie m\u00f6glich halten, es kann aber immer mal vorkommen dass Ger\u00e4te kurzfristig ausfallen und deshalb nicht in Betrieb sind. Wir bitten um Verst\u00e4ndnis falls du deinen Lieblingsflipper nicht Funktionst\u00fcchtig&nbsp;antreffen solltest! &nbsp; Stand vom 07.03.2025&hellip; <\/p>\n","protected":false},"author":2,"featured_media":0,"parent":0,"menu_order":0,"comment_status":"closed","ping_status":"closed","template":"","meta":{"ngg_post_thumbnail":0,"_price":"","_stock":"","_tribe_ticket_header":"","_tribe_default_ticket_provider":"","_tribe_ticket_capacity":"0","_ticket_start_date":"","_ticket_end_date":"","_tribe_ticket_show_description":"","_tribe_ticket_show_not_going":false,"_tribe_ticket_use_global_stock":"","_tribe_ticket_global_stock_level":"","_global_stock_mode":"","_global_stock_cap":"","_tribe_rsvp_for_event":"","_tribe_ticket_going_count":"","_tribe_ticket_not_going_count":"","_tribe_tickets_list":"[]","_tribe_ticket_has_attendee_info_fields":false,"jetpack_post_was_ever_published":false,"footnotes":""},"class_list":["post-606","page","type-page","status-publish","hentry"],"jetpack_sharing_enabled":true,"jetpack_shortlink":"https:\/\/wp.me\/P7a9OP-9M","_links":{"self":[{"href":"https:\/\/www.flipperclubbasel.ch\/index.php\/wp-json\/wp\/v2\/pages\/606","targetHints":{"allow":["GET"]}}],"collection":[{"href":"https:\/\/www.flipperclubbasel.ch\/index.php\/wp-json\/wp\/v2\/pages"}],"about":[{"href":"https:\/\/www.flipperclubbasel.ch\/index.php\/wp-json\/wp\/v2\/types\/page"}],"author":[{"embeddable":true,"href":"https:\/\/www.flipperclubbasel.ch\/index.php\/wp-json\/wp\/v2\/users\/2"}],"replies":[{"embeddable":true,"href":"https:\/\/www.flipperclubbasel.ch\/index.php\/wp-json\/wp\/v2\/comments?post=606"}],"version-history":[{"count":114,"href":"https:\/\/www.flipperclubbasel.ch\/index.php\/wp-json\/wp\/v2\/pages\/606\/revisions"}],"predecessor-version":[{"id":9675,"href":"https:\/\/www.flipperclubbasel.ch\/index.php\/wp-json\/wp\/v2\/pages\/606\/revisions\/9675"}],"wp:attachment":[{"href":"https:\/\/www.flipperclubbasel.ch\/index.php\/wp-json\/wp\/v2\/media?parent=606"}],"curies":[{"name":"wp","href":"https:\/\/api.w.org\/{rel}","templated":true}]}}