{"id":546,"date":"2016-02-19T09:08:36","date_gmt":"2016-02-19T08:08:36","guid":{"rendered":"http:\/\/www.flipperclubbasel.ch\/?page_id=546"},"modified":"2024-10-10T21:07:52","modified_gmt":"2024-10-10T19:07:52","slug":"medienberichte","status":"publish","type":"page","link":"https:\/\/www.flipperclubbasel.ch\/index.php\/flipperclub-regio-basel\/medienberichte\/","title":{"rendered":"Medienberichte"},"content":{"rendered":"<hr>\n<p>Hallo Freunde des Flippersports,<\/p>\n<p>wenn Ihr noch nicht \u00fcberzeugt seid, findet Ihr auf dieser Seite vielleicht ein paar Argumente f\u00fcr einen Besuch bei uns im Flipperclub Regio Basel:<\/p>\n<p>\u00d6ffentliche Medien:<\/p>\n<p>&nbsp;<\/p>\n<p><a href=\"https:\/\/www.wochenblatt.ch\/wob\/aktuell\/muenchenstein\/artikelseite-muenchenstein\/die-kugeln-faszinieren-jung-und-alt-flipperclub-organisiert-kinderturnier\" target=\"_blank\" rel=\"noopener noreferrer\">Wochenblatt.ch<\/a>&nbsp; &#8211; Bericht vom 10.10.2024<br \/>\nFlipperclub Regio Basel und pinball.kids<\/p>\n<hr>\n<p><a href=\"https:\/\/www.srf.ch\/play\/tv\/tagesschau\/video\/tagesschau-vom-09-10-2022-spaetausgabe?urn=urn:srf:video:f5129b8d-2ee4-4dac-aa33-f97114a4be89\" target=\"_blank\" rel=\"noopener noreferrer\">Tagesschau: Sp\u00e4tausgabe<\/a>&nbsp;&#8211; Bericht vom 09.10.2022<br \/>\nFlipperclub Regio Basel und Flipperclub Silverball (ab 08:16)<\/p>\n<hr>\n<p><a href=\"https:\/\/www.rsi.ch\/news\/svizzera\/Svizzerando-l\u2019inossidabile-flipper-15692515.html\" target=\"_blank\" rel=\"noopener noreferrer\">RSI News<\/a>&nbsp; &#8211; Bericht vom 09.10.2022 (Italienisch\/Deutsch)<br \/>\nFlipperclub Regio Basel<\/p>\n<hr>\n<p><a href=\"https:\/\/www.rsi.ch\/la1\/programmi\/informazione\/telegiornale\/08.10.2022-Svizzerando-la-rinascita-del-flipper-15691513.html\" target=\"_blank\" rel=\"noopener noreferrer\">Telegiornale RSI<\/a>&nbsp;&#8211; Bericht vom 08.10.2022 (Italienisch)<br \/>\nFlipperclub Regio Basel und Flipperclub Silverball<\/p>\n<hr>\n<p>Regio Aktuell &#8211; <a href=\"http:\/\/www.flipperclubbasel.ch\/wordpress\/wp-content\/uploads\/2020\/03\/Regio-Aktuell.pdf\" target=\"_blank\" rel=\"noopener noreferrer\">Zeitungsartikel<\/a> vom M\u00e4rz 2020<\/p>\n<hr>\n<p><a href=\"http:\/\/www.basilisk.ch\" target=\"_blank\" rel=\"noopener noreferrer\">Radio Basilisk<\/a> &#8211; Morgenshow mit Finn Rasmussen vom 05.06.2019 (mit Impressionen aus dem Flipperclub)<\/p>\n<div style=\"width: 700px;\" class=\"wp-video\"><video class=\"wp-video-shortcode\" id=\"video-546-1\" width=\"700\" height=\"394\" preload=\"metadata\" controls=\"controls\"><source type=\"video\/mp4\" src=\"http:\/\/www.flipperclubbasel.ch\/wordpress\/wp-content\/uploads\/2019\/06\/Video_20190605122227866_by_videomaker.mp4?_=1\" \/><a href=\"http:\/\/www.flipperclubbasel.ch\/wordpress\/wp-content\/uploads\/2019\/06\/Video_20190605122227866_by_videomaker.mp4\">http:\/\/www.flipperclubbasel.ch\/wordpress\/wp-content\/uploads\/2019\/06\/Video_20190605122227866_by_videomaker.mp4<\/a><\/video><\/div>\n<hr>\n<p><a href=\"http:\/\/www.vogelgryff.ch\" target=\"_blank\" rel=\"noopener noreferrer\">Vogel Gryff<\/a>&nbsp;&#8211; <a href=\"https:\/\/www.flipperclubbasel.ch\/wordpress\/wp-content\/uploads\/2018\/09\/Vogel-Gryff-2018.pdf\" target=\"_blank\" rel=\"noopener noreferrer\">Zeitungsartikel<\/a>&nbsp;vom 27.09.2018<\/p>\n<hr>\n<p>The English Show auf Radio X &#8211; Radio Interview mit Alain&nbsp; vom Oktober 2017<\/p>\n<hr>\n<p><a href=\"http:\/\/www.20min.ch\" target=\"_blank\" rel=\"noopener noreferrer\">20 Minuten<\/a>&nbsp;&#8211; <a href=\"http:\/\/www.20min.ch\/schweiz\/basel\/story\/Ein-blinkendes-Paradies-fuer-flinke-Finger-15257817\" target=\"_blank\" rel=\"noopener noreferrer\">Zeitungsartikel und Video<\/a>&nbsp;vom 21.07.2017<\/p>\n<hr>\n<p>Tages Woche &#8211; Artikel als <a href=\"http:\/\/www.flipperclubbasel.ch\/wordpress\/wp-content\/uploads\/2017\/05\/Tageswoche_7.5.17.pdf\" target=\"_blank\" rel=\"noopener noreferrer\">PDF<\/a>&nbsp;vom 07.05.2017<\/p>\n<hr>\n<p><a href=\"http:\/\/www.flipperclubbasel.ch\/wordpress\/wp-content\/uploads\/2017\/02\/IMG_1205.jpg\" target=\"_blank\" rel=\"noopener noreferrer\">Der Sonntag<\/a>&nbsp;&nbsp;&#8211; Wochenblatt S\u00fcdbaden vom 12.02.2017 &nbsp; &nbsp; &nbsp; &nbsp; &nbsp; &nbsp; &nbsp; &nbsp; &nbsp; &nbsp; &nbsp; &nbsp; &nbsp; &nbsp; &nbsp; &nbsp; &nbsp; &nbsp; &nbsp; &nbsp; &nbsp;&nbsp;<strong style=\"font-size: 14px;\">Richtigstellung: Eintritt f\u00fcr Kinder und Jugendliche unter 18 Jahren in Begleitung Erwachsener nur am Samstag Mittag von 16.00 bis 20.00 m\u00f6glich. Danke f\u00fcr das Verst\u00e4ndnis!<\/strong><\/p>\n<hr>\n<p><a href=\"https:\/\/issuu.com\/az-anzeiger\/docs\/20170119_woz_wobanz?mode=embed&amp;layout=grey\">Wochenblatt Birseck\/Dorneck<\/a>&nbsp;&#8211; vom 19.01.2017 <strong>(Seite 21)<\/strong><\/p>\n<hr>\n<p><a href=\"http:\/\/www.regiotvplus.ch\/index.php?id=2&amp;no_cache=1\" target=\"_blank\" rel=\"noopener noreferrer\">RegioTVplus, Sag&#8217;s em D\u00e4ni<\/a>&nbsp;&#8211; vom 21.05.2016, Video vom 23.05.2016<\/p>\n<hr>\n<p><a href=\"http:\/\/barfi.ch\/Titelgeschichten\/Player-One!-Shoot-again!-Basel-hat-seinen-ersten-Flipperclub?ms=1\" target=\"_blank\" rel=\"noopener noreferrer\">Titelgeschichte auf barfi.ch <\/a>&#8211;&nbsp;vom 18.03.2016,&nbsp;Reportage vom 15.03.2016<\/p>\n<hr>\n<p><a href=\"http:\/\/www.flipperclubbasel.ch\/wordpress\/wp-content\/uploads\/2016\/03\/FUDDER_Wo-Du-flippern-kannst.pdf\" target=\"_blank\" rel=\"noopener noreferrer\">Fudder.de <\/a>&#8211; vom 18.3.2016<\/p>\n<hr>\n<p><a href=\"http:\/\/www.verlagshaus-jaumann.de\/inhalt.basel-spielen-erwuenscht.39e8eddb-63b4-4f86-a068-ae01b44dce68.html\" target=\"_blank\" rel=\"noopener noreferrer\">Die Oberbadische<\/a> &#8211; vom 8.03.2016<\/p>\n<hr>\n<p>News auf Telebasel vom 21.02.2016&nbsp;&#8211; <a href=\"https:\/\/www.facebook.com\/n\/?thomas.reichenstein%2Fvideos%2F1106165376081062%2F&amp;aref=1456077746006652&amp;medium=email&amp;mid=1544691575828795&amp;n_m=lupopolito%40yahoo.com\" target=\"_blank\" rel=\"noopener noreferrer\">Reportage<\/a>&nbsp;vom 21.02.2016<\/p>\n<hr>\n<p>Tages Woche vom 18.02.2016&nbsp;&#8211;&nbsp;Video&nbsp;vom 18.02.2016<\/p>\n<hr>\n<p>&nbsp;<\/p>\n","protected":false},"excerpt":{"rendered":"<p>Hallo Freunde des Flippersports, wenn Ihr noch nicht \u00fcberzeugt seid, findet Ihr auf dieser Seite vielleicht ein paar Argumente f\u00fcr einen Besuch bei uns im Flipperclub Regio Basel: \u00d6ffentliche Medien: &nbsp; Wochenblatt.ch&nbsp; &#8211; Bericht vom 10.10.2024 Flipperclub Regio Basel und&hellip; <\/p>\n","protected":false},"author":2,"featured_media":0,"parent":204,"menu_order":0,"comment_status":"closed","ping_status":"closed","template":"","meta":{"ngg_post_thumbnail":0,"_price":"","_stock":"","_tribe_ticket_header":"","_tribe_default_ticket_provider":"","_tribe_ticket_capacity":"0","_ticket_start_date":"","_ticket_end_date":"","_tribe_ticket_show_description":"","_tribe_ticket_show_not_going":false,"_tribe_ticket_use_global_stock":"","_tribe_ticket_global_stock_level":"","_global_stock_mode":"","_global_stock_cap":"","_tribe_rsvp_for_event":"","_tribe_ticket_going_count":"","_tribe_ticket_not_going_count":"","_tribe_tickets_list":"[]","_tribe_ticket_has_attendee_info_fields":false,"jetpack_post_was_ever_published":false,"footnotes":""},"class_list":["post-546","page","type-page","status-publish","hentry"],"jetpack_sharing_enabled":true,"jetpack_shortlink":"https:\/\/wp.me\/P7a9OP-8O","_links":{"self":[{"href":"https:\/\/www.flipperclubbasel.ch\/index.php\/wp-json\/wp\/v2\/pages\/546","targetHints":{"allow":["GET"]}}],"collection":[{"href":"https:\/\/www.flipperclubbasel.ch\/index.php\/wp-json\/wp\/v2\/pages"}],"about":[{"href":"https:\/\/www.flipperclubbasel.ch\/index.php\/wp-json\/wp\/v2\/types\/page"}],"author":[{"embeddable":true,"href":"https:\/\/www.flipperclubbasel.ch\/index.php\/wp-json\/wp\/v2\/users\/2"}],"replies":[{"embeddable":true,"href":"https:\/\/www.flipperclubbasel.ch\/index.php\/wp-json\/wp\/v2\/comments?post=546"}],"version-history":[{"count":63,"href":"https:\/\/www.flipperclubbasel.ch\/index.php\/wp-json\/wp\/v2\/pages\/546\/revisions"}],"predecessor-version":[{"id":8893,"href":"https:\/\/www.flipperclubbasel.ch\/index.php\/wp-json\/wp\/v2\/pages\/546\/revisions\/8893"}],"up":[{"embeddable":true,"href":"https:\/\/www.flipperclubbasel.ch\/index.php\/wp-json\/wp\/v2\/pages\/204"}],"wp:attachment":[{"href":"https:\/\/www.flipperclubbasel.ch\/index.php\/wp-json\/wp\/v2\/media?parent=546"}],"curies":[{"name":"wp","href":"https:\/\/api.w.org\/{rel}","templated":true}]}}