{"id":44,"date":"2016-01-04T14:54:54","date_gmt":"2016-01-04T13:54:54","guid":{"rendered":"http:\/\/www.flipperclubbasel.ch\/?page_id=44"},"modified":"2026-03-19T14:32:17","modified_gmt":"2026-03-19T13:32:17","slug":"statuten","status":"publish","type":"page","link":"https:\/\/www.flipperclubbasel.ch\/index.php\/flipperclub-regio-basel\/statuten\/","title":{"rendered":"Statuten"},"content":{"rendered":"<hr>\n<h1><strong><em>Flipperclub Regio Basel<\/em><\/strong><\/h1>\n<p>==========================================<\/p>\n<h2><strong>&nbsp;<\/strong><strong>Art. 1, Bezeichnung<\/strong><\/h2>\n<p>Unter der Bezeichnung <strong><em>Flipperclub Regio Basel<\/em><\/strong>, besteht ein Verein nach Artikel 60 ff ZGB mit Sitz in 4142 M\u00fcnchenstein Baselland.<\/p>\n<h2><strong>Art. 2, Ziele, Zweck<\/strong><\/h2>\n<p>Unter dem Namen \u201eFlipperclub Regio Basel\u201c wurde ein Verein gegr\u00fcndet, mit dem Zweck der Erhaltung, F\u00f6rderung und Bespielung von Flipperger\u00e4ten aller Art. Dabei steht der Erfahrungs-austausch, die Kameradschaft und die Geselligkeit an gemeinsamen Spieleabenden im Vordergrund.<\/p>\n<p style=\"padding-left: 40px;\">2.1&nbsp;&nbsp;&nbsp;&nbsp; Der Verein f\u00fchrt periodisch Spieleabende und Flipperturniere f\u00fcr Passivmitglieder<br \/>\n&nbsp; &nbsp; &nbsp; &nbsp; &nbsp; durch. Die Teilnahme an solchen internen Anl\u00e4ssen ist f\u00fcr Aktivmitglieder<br \/>\n&nbsp; &nbsp; &nbsp; &nbsp; &nbsp; Ehrensache.<\/p>\n<p style=\"padding-left: 40px;\">2.2&nbsp;&nbsp;&nbsp;&nbsp; Der Verein kann Teilnahmen an externen Turnieren organisieren, diese bleiben f\u00fcr<br \/>\n&nbsp; &nbsp; &nbsp; &nbsp; &nbsp; die Mitglieder freiwillig.<\/p>\n<p style=\"padding-left: 40px;\">2.3&nbsp;&nbsp;&nbsp; Der Verein ist politisch unabh\u00e4ngig und konfessionell neutral.<\/p>\n<h2><strong>Art. 3, Mittel<\/strong><\/h2>\n<p>Zur Verfolgung des Vereinszweckes verf\u00fcgt der Verein \u00fcber folgende Mittel:<\/p>\n<ul>\n<li>Mitgliederbeitr\u00e4ge von Aktiv-, Passivmitgliedern (Member)<\/li>\n<li><span style=\"font-size: 14px;\">Zurverf\u00fcgungstellung von Ger\u00e4ten und sonstigem Inventar durch Aktivmitglieder<\/span><\/li>\n<li><span style=\"font-size: 14px;\">Ertr\u00e4ge aus Veranstaltungen (Flipperabende, Turniere etc.)<\/span><\/li>\n<li><span style=\"font-size: 14px;\">Ertr\u00e4ge aus Leistungsvereinbarungen (Weitervermietung Flipperlokal etc.)<\/span><\/li>\n<li><span style=\"font-size: 14px;\"><span style=\"font-size: 14px;\">Spenden und Zuwendungen aller Art<\/span><\/span>&nbsp;<\/li>\n<\/ul>\n<p style=\"padding-left: 40px;\">3.1&nbsp;&nbsp;&nbsp; Die Mitgliederbeitr\u00e4ge werden j\u00e4hrlich durch die Mitgliederversammlung (Aktiv-<br \/>\n&nbsp; &nbsp; &nbsp; &nbsp; &nbsp;mitglieder) festgesetzt.<\/p>\n<p style=\"padding-left: 40px;\">3.2 &nbsp;&nbsp; Zur Absicherung der Mietkosten der Vereinsr\u00e4umlichkeiten, hat jedes Aktivmitglied<br \/>\n&nbsp; &nbsp; &nbsp; &nbsp; &nbsp;einen j\u00e4hrlichen festzulegenden Beitrag, zahlbar jeweils im Voraus, zu Beginn des<br \/>\n&nbsp; &nbsp; &nbsp; &nbsp; &nbsp;neuen Vereinsjahres, zu leisten. Die H\u00f6he dieses Beitrages kann jederzeit durch die<br \/>\n&nbsp; &nbsp; &nbsp; &nbsp; &nbsp;Mitgliederversammlung (Aktivmitglieder) an neue Gegebenheiten (Anzahl Mitglieder,<br \/>\n&nbsp; &nbsp; &nbsp; &nbsp; &nbsp;H\u00f6he der Mietkosten, etc.) angepasst werden.<\/p>\n<p style=\"padding-left: 40px;\">3.3&nbsp;&nbsp;&nbsp; Zur Verf\u00fcgung gestellte Ger\u00e4te und Inventar bleibt in jedem Fall Eigentum des<br \/>\n&nbsp; &nbsp; &nbsp; &nbsp; &nbsp;jeweiligen Mitgliedes und z\u00e4hlen nicht zum Vereinsverm\u00f6gen. Es wird eine<br \/>\n&nbsp; &nbsp; &nbsp; &nbsp; &nbsp;diesbez\u00fcgliche Inventurliste gef\u00fchrt.<\/p>\n<p style=\"padding-left: 40px;\">3.4&nbsp;&nbsp; S\u00e4mtliche Ger\u00e4te sind auf Freispiel eingestellt und stehen allen Aktivmitgliedern<br \/>\n&nbsp; &nbsp; &nbsp; &nbsp; &nbsp;jederzeit und uneingeschr\u00e4nkt zum freien Spiel zur Verf\u00fcgung.<\/p>\n<p style=\"padding-left: 40px;\">3.5 &nbsp; F\u00fcr die Verpflichtungen des Vereins haftet ausschliesslich das Vereinsverm\u00f6gen.<\/p>\n<p style=\"padding-left: 40px;\">3.6 &nbsp; Vereinsmitglieder (Aktivmitglieder) sind ausschliesslich mit dem festgelegten<br \/>\n&nbsp; &nbsp; &nbsp; &nbsp; Mitgliederbeitrag haftbar. Jede weitere pers\u00f6nliche Haftbarkeit f\u00fcr vom Verein<br \/>\n&nbsp; &nbsp; &nbsp; &nbsp; eingegangener Verpflichtungen entfallen<\/p>\n<h2><strong>Art. 4, Mitgliedschaft<\/strong><\/h2>\n<p>Mitglieder k\u00f6nnen nat\u00fcrliche und juristische Personen werden, den Vereinszweck unterst\u00fctzen.<\/p>\n<p style=\"padding-left: 40px;\">4.1&nbsp;&nbsp;&nbsp; Aktivmitglieder sind nat\u00fcrliche Personen mit Stimmrecht, welche den Vereinszweck<br \/>\n&nbsp; &nbsp; &nbsp; &nbsp; &nbsp;unterst\u00fctzen und die Angebote und Einrichtungen des Vereins nutzen. Jedem<br \/>\n&nbsp; &nbsp; &nbsp; &nbsp; &nbsp;Aktivmitglied steht die gleiche Anzahl Ger\u00e4testandpl\u00e4tze im Vereinslokal zur<br \/>\n&nbsp; &nbsp; &nbsp; &nbsp; &nbsp;Verf\u00fcgung.<\/p>\n<p style=\"padding-left: 40px;\">4.2&nbsp;&nbsp;&nbsp; Passivmitglieder (Members) sind nat\u00fcrliche oder juristische Personen ohne<br \/>\n&nbsp; &nbsp; &nbsp; &nbsp; &nbsp;Stimmrecht, welche den Verein ideell und finanziell unterst\u00fctzen. Sie k\u00f6nnen die<br \/>\n&nbsp; &nbsp; &nbsp; &nbsp; &nbsp;Angebote und Einrichtungen des Vereins nur w\u00e4hrend den definierten Spielabende<br \/>\n&nbsp; &nbsp; &nbsp; &nbsp; &nbsp;nutzen. Passivmitglieder haben, mit Ausnahme der Bezahlung der Jahresgeb\u00fchr,<br \/>\n&nbsp; &nbsp; &nbsp; &nbsp; &nbsp;keine Verpflichtungen gegen\u00fcber dem Verein.<\/p>\n<p style=\"padding-left: 40px;\">4.3&nbsp;&nbsp;&nbsp;Die Aufnahme von Aktivmitglieder erfolgt, gest\u00fctzt auf einer schriftlichen Beitritts-<br \/>\n&nbsp; &nbsp; &nbsp; &nbsp; erkl\u00e4rung, durch den Vorstand.<\/p>\n<p style=\"padding-left: 40px;\">4.4&nbsp;&nbsp; Der Vorstand kann eine Aufnahme zur\u00fcckstellen, wenn ihm die hierzu notwendigen<br \/>\n&nbsp; &nbsp; &nbsp; &nbsp; Voraussetzungen f\u00fcr eine Mitgliedschaft nicht gegeben erscheinen.<\/p>\n<p style=\"padding-left: 40px;\">4.5&nbsp;&nbsp;Der Austritt von Aktivmitgliedern kann jederzeit schriftlich, unter Einhaltung einer<br \/>\n&nbsp; &nbsp; &nbsp; &nbsp;dreimonatigen K\u00fcndigungsfrist, jeweils auf Ende des Vereinsjahres, erkl\u00e4rt werden.<br \/>\n&nbsp; &nbsp; &nbsp; &nbsp;F\u00fcr Passivmitglieder welche die Jahresgeb\u00fchr nicht entrichten verf\u00e4llt die Mitglied-<br \/>\n&nbsp; &nbsp; &nbsp; &nbsp;schaft automatisch, eine Austritterkl\u00e4rung ist daher nicht notwendig.<\/p>\n<p style=\"padding-left: 40px;\">4.6&nbsp;&nbsp;&nbsp; Ein Ausschluss eines Mitgliedes kann durch Vorstandsbeschluss wegen Zuwider-<br \/>\n&nbsp; &nbsp; &nbsp; &nbsp; &nbsp;Handlung gegen Statuten und Vereinsbeschl\u00fcssen, sowie wegen Nichtbezahlung der<br \/>\n&nbsp; &nbsp; &nbsp; &nbsp; &nbsp;Beitr\u00e4ge sofort erfolgen. Er muss durch die Generalversammlung nicht best\u00e4tigt<br \/>\n&nbsp; &nbsp; &nbsp; &nbsp; &nbsp;werden.<\/p>\n<p style=\"padding-left: 40px;\">4.7 &nbsp;Mitglieder, die trotz Mahnung ihren finanziellen Verpflichtungen gegen\u00fcber dem Verein<br \/>\n&nbsp; &nbsp; &nbsp; &nbsp;nicht nachkommen, k\u00f6nnen ohne f\u00f6rmliches Ausschlussverfahren von der<br \/>\n&nbsp; &nbsp; &nbsp; &nbsp;Mitgliederliste gestrichen werden.<\/p>\n<p style=\"padding-left: 40px;\">4.8&nbsp;&nbsp; Mit dem Austritt\/Ausschluss erl\u00f6schen alle Rechte oder Anspr\u00fcche an den Verein.<br \/>\n&nbsp; &nbsp; &nbsp; &nbsp; Die im Voraus bezahlten Jahresgeb\u00fchren (Mitgliedschafts- und\/oder Mietgeb\u00fchren)<br \/>\n&nbsp; &nbsp; &nbsp; &nbsp; werden nicht zur\u00fcckerstattet. Zur Verf\u00fcgung gestellte Ger\u00e4te und Inventar k\u00f6nnen<br \/>\n&nbsp; &nbsp; &nbsp; &nbsp; sofort, m\u00fcssen aber sp\u00e4testens bis zum Ablauf der Mitgliedschaft aus dem Vereins-<br \/>\n&nbsp; &nbsp; &nbsp; &nbsp; lokal entfernt werden.<\/p>\n<h2><strong>Art 5, Organisation<\/strong><\/h2>\n<p>Die Ogane des Vereins sind:<\/p>\n<ul>\n<li>Mitgliederversammlung (GV)<\/li>\n<li>Vorstand (VS)<\/li>\n<li>Revisionsstelle (RS)<\/li>\n<\/ul>\n<p style=\"padding-left: 40px;\">5.1&nbsp;&nbsp;&nbsp; Mitgliederversammlung: Die ordentliche GV findet einmal j\u00e4hrlich f\u00fcr die Aktiv-<br \/>\n&nbsp; &nbsp; &nbsp; &nbsp; &nbsp;mitglieder statt. Sie bestimmt die allgemeinen Richtlinien des Vereines, entscheidet<br \/>\n&nbsp; &nbsp; &nbsp; &nbsp; &nbsp;\u00fcber allf\u00e4llige Antr\u00e4ge, nimmt die Rechnung ab und setzt die H\u00f6he der Einschreibe-<br \/>\n&nbsp; &nbsp; &nbsp; &nbsp; &nbsp;geb\u00fchr und der Mitgliederbeitr\u00e4ge fest. Die Mitglieder fassen die Beschl\u00fcsse mit dem<br \/>\n&nbsp; &nbsp; &nbsp; &nbsp; &nbsp;einfachen Mehr. Bei Stimmengleichheit f\u00e4llt die\/der Pr\u00e4sident\/in den Stichentscheid.<br \/>\n&nbsp; &nbsp; &nbsp; &nbsp; &nbsp;Eine ausserordentliche GV kann auf unterschriftliches Verlangen von einem F\u00fcnftel<br \/>\n&nbsp; &nbsp; &nbsp; &nbsp; &nbsp;der Aktivmitglieder oder durch den Vorstand einberufen werden. Sie hat die gleichen<br \/>\n&nbsp; &nbsp; &nbsp; &nbsp; &nbsp;Kompetenzen wie die ordentliche GV.<\/p>\n<p style=\"padding-left: 40px;\">5.2&nbsp;&nbsp;&nbsp; Vorstand: Der VS vertritt den Verein nach Aussen, erl\u00e4sst die Reglemente, f\u00fchrt die&nbsp;<br \/>\n&nbsp; &nbsp; &nbsp; &nbsp; &nbsp;laufenden Gesch\u00e4fte und vollzieht die Beschl\u00fcsse der GV. Er besteht aus min. 5 und<br \/>\n&nbsp; &nbsp; &nbsp; &nbsp; &nbsp;max. 10 Aktivmitgliedern, dieser konstituiert sich selbst. Der Vorstand regelt die<br \/>\n&nbsp; &nbsp; &nbsp; &nbsp; &nbsp;Zeichnungsberechtigung zu zweien.<\/p>\n<p style=\"padding-left: 40px;\">5.3&nbsp;&nbsp;&nbsp; Revisionsstelle: Die RS besteht aus min. 1 Mitglied. Sie hat jederzeit Einsicht in die<br \/>\n&nbsp; &nbsp; &nbsp; &nbsp; &nbsp;gesamte Gesch\u00e4ftsf\u00fchrung des Vereins. Sie kontrolliert min. einmal j\u00e4hrlich die<br \/>\n&nbsp; &nbsp; &nbsp; &nbsp; &nbsp;Buchf\u00fchrung und erstattet dem Vorstand, zuhanden der Mitgliederversammlung,<br \/>\n&nbsp; &nbsp; &nbsp; &nbsp; &nbsp;Bericht und Antrag.<\/p>\n<h2><strong>Art. 6, Aufl\u00f6sung<\/strong><\/h2>\n<p>Der &#8222;Verein Flipperclub Regio Basel\u201c kann sich mit 2\/3 Mehrheit der Aktivmitglieder aufl\u00f6sen.<\/p>\n<p style=\"padding-left: 40px;\">6.1&nbsp;&nbsp;&nbsp; Gleichzeitig muss mit dem Aufl\u00f6sungsbeschluss \u00fcber eine Nachfolgeorganisation<br \/>\n&nbsp; &nbsp; &nbsp; &nbsp; &nbsp;befunden werden. Diese wird durch die relative Mehrheit der Stimmenden bestimmt.<br \/>\n&nbsp; &nbsp; &nbsp; &nbsp; &nbsp;Das gesamte Vereinsverm\u00f6gen f\u00e4llt dieser Nachfolgeorganisation zu. Wird keine<br \/>\n&nbsp; &nbsp; &nbsp; &nbsp; &nbsp;solche bestimmt obliegt es der Generalversammlung \u00fcber dessen gemeinn\u00fctzige<br \/>\n&nbsp; &nbsp; &nbsp; &nbsp; &nbsp;Verwendung zu bestimmen.<\/p>\n<h2><strong>Art. 7, Inkrafttreten<\/strong><\/h2>\n<p>Diese Statuten wurden an der Gr\u00fcndungsversammlung vom 19. Juni 2015 angenommen und sind mit diesem Datum in Kraft getreten.<\/p>\n<p>&nbsp;<\/p>\n<p>M\u00fcnchenstein, 19.06.2015<\/p>\n<p>&nbsp;<\/p>\n<p>Der Pr\u00e4sident:\u2026\u2026\u2026\u2026.\u2026\u2026\u2026\u2026\u2026&nbsp;&nbsp;&nbsp;&nbsp;&nbsp;&nbsp;&nbsp;&nbsp;&nbsp;&nbsp;&nbsp;&nbsp;&nbsp;&nbsp;&nbsp;&nbsp; Der Aktuar:\u2026\u2026\u2026..\u2026..\u2026\u2026\u2026\u2026\u2026.<\/p>\n<p>Ramon Richard&nbsp;&nbsp;&nbsp;&nbsp;&nbsp;&nbsp;&nbsp;&nbsp;&nbsp;&nbsp;&nbsp;&nbsp;&nbsp;&nbsp;&nbsp;&nbsp;&nbsp;&nbsp;&nbsp;&nbsp;&nbsp;&nbsp;&nbsp;&nbsp;&nbsp;&nbsp;&nbsp;&nbsp;&nbsp;&nbsp;&nbsp;&nbsp;&nbsp;&nbsp;&nbsp;&nbsp;&nbsp;&nbsp;&nbsp;&nbsp;&nbsp;&nbsp;&nbsp;&nbsp;&nbsp;&nbsp;&nbsp;&nbsp;&nbsp;&nbsp;&nbsp;&nbsp;&nbsp;&nbsp;&nbsp;&nbsp;&nbsp;&nbsp;&nbsp;&nbsp;&nbsp;&nbsp;&nbsp;&nbsp;&nbsp;&nbsp;&nbsp;&nbsp;&nbsp;&nbsp;&nbsp;&nbsp;&nbsp;&nbsp;&nbsp;&nbsp;&nbsp;&nbsp;&nbsp;&nbsp; Thomas Reichenstein<\/p>\n<hr>\n<div class=\"printfriendly pf-button  pf-alignleft\">\n                    <a href=\"https:\/\/www.flipperclubbasel.ch\/index.php\/flipperclub-regio-basel\/statuten\/?pfstyle=wp\" rel=\"nofollow\" onclick=\"\" title=\"Printer Friendly, PDF & Email\">\n                    <img decoding=\"async\" class=\"pf-button-img\" src=\"https:\/\/cdn.printfriendly.com\/buttons\/printfriendly-pdf-email-button-notext.png\" alt=\"Print Friendly, PDF & Email\" style=\"width: 110px;height: 30px;\"  \/>\n                    <\/a>\n                <\/div>\n<hr>\n<p>&nbsp;<\/p>\n","protected":false},"excerpt":{"rendered":"<p>Flipperclub Regio Basel ========================================== &nbsp;Art. 1, Bezeichnung Unter der Bezeichnung Flipperclub Regio Basel, besteht ein Verein nach Artikel 60 ff ZGB mit Sitz in 4142 M\u00fcnchenstein Baselland. Art. 2, Ziele, Zweck Unter dem Namen \u201eFlipperclub Regio Basel\u201c wurde ein Verein&hellip; <\/p>\n","protected":false},"author":2,"featured_media":0,"parent":204,"menu_order":0,"comment_status":"closed","ping_status":"closed","template":"","meta":{"ngg_post_thumbnail":0,"_price":"","_stock":"","_tribe_ticket_header":"","_tribe_default_ticket_provider":"","_tribe_ticket_capacity":"0","_ticket_start_date":"","_ticket_end_date":"","_tribe_ticket_show_description":"","_tribe_ticket_show_not_going":false,"_tribe_ticket_use_global_stock":"","_tribe_ticket_global_stock_level":"","_global_stock_mode":"","_global_stock_cap":"","_tribe_rsvp_for_event":"","_tribe_ticket_going_count":"","_tribe_ticket_not_going_count":"","_tribe_tickets_list":"[]","_tribe_ticket_has_attendee_info_fields":false,"jetpack_post_was_ever_published":false,"footnotes":""},"class_list":["post-44","page","type-page","status-publish","hentry"],"jetpack_sharing_enabled":true,"jetpack_shortlink":"https:\/\/wp.me\/P7a9OP-I","_links":{"self":[{"href":"https:\/\/www.flipperclubbasel.ch\/index.php\/wp-json\/wp\/v2\/pages\/44","targetHints":{"allow":["GET"]}}],"collection":[{"href":"https:\/\/www.flipperclubbasel.ch\/index.php\/wp-json\/wp\/v2\/pages"}],"about":[{"href":"https:\/\/www.flipperclubbasel.ch\/index.php\/wp-json\/wp\/v2\/types\/page"}],"author":[{"embeddable":true,"href":"https:\/\/www.flipperclubbasel.ch\/index.php\/wp-json\/wp\/v2\/users\/2"}],"replies":[{"embeddable":true,"href":"https:\/\/www.flipperclubbasel.ch\/index.php\/wp-json\/wp\/v2\/comments?post=44"}],"version-history":[{"count":22,"href":"https:\/\/www.flipperclubbasel.ch\/index.php\/wp-json\/wp\/v2\/pages\/44\/revisions"}],"predecessor-version":[{"id":9778,"href":"https:\/\/www.flipperclubbasel.ch\/index.php\/wp-json\/wp\/v2\/pages\/44\/revisions\/9778"}],"up":[{"embeddable":true,"href":"https:\/\/www.flipperclubbasel.ch\/index.php\/wp-json\/wp\/v2\/pages\/204"}],"wp:attachment":[{"href":"https:\/\/www.flipperclubbasel.ch\/index.php\/wp-json\/wp\/v2\/media?parent=44"}],"curies":[{"name":"wp","href":"https:\/\/api.w.org\/{rel}","templated":true}]}}