{"id":2807,"date":"2018-05-28T21:47:03","date_gmt":"2018-05-28T19:47:03","guid":{"rendered":"http:\/\/www.flipperclubbasel.ch\/?page_id=2807"},"modified":"2020-10-04T00:02:47","modified_gmt":"2020-10-03T22:02:47","slug":"datenschutzerklaerung","status":"publish","type":"page","link":"https:\/\/www.flipperclubbasel.ch\/index.php\/flipperclub-regio-basel\/datenschutzerklaerung\/","title":{"rendered":"Datenschutzerkl\u00e4rung"},"content":{"rendered":"<div>\n<div class=\"page-header\">\n<hr>\n<\/div>\n<div>\n<h3>Allgemein<\/h3>\n<p>Gest\u00fctzt auf Artikel 13 der schweizerischen Bundesverfassung und die datenschutzrechtlichen Bestimmungen des Bundes (Datenschutzgesetz, DSG) hat jede Person Anspruch auf Schutz ihrer Privatsph\u00e4re sowie auf Schutz vor Missbrauch ihrer pers\u00f6nlichen Daten. Wir halten diese Bestimmungen ein. Pers\u00f6nliche Daten werden streng vertraulich behandelt und weder an Dritte verkauft noch weitergegeben. In enger Zusammenarbeit mit unseren Hosting-Providern bem\u00fchen wir uns, die Datenbanken so gut wie m\u00f6glich vor fremden Zugriffen, Verlusten, Missbrauch oder vor F\u00e4lschung zu sch\u00fctzen.&nbsp;<br \/>\nBeim Zugriff auf unsere Webseiten werden folgende Daten in Logfiles gespeichert:<\/p>\n<ul>\n<li>IP-Adresse,<\/li>\n<li>Datum,<\/li>\n<li>Uhrzeit,<\/li>\n<li>Browser-Anfrage<\/li>\n<\/ul>\n<p>und allg. \u00fcbertragene Informationen zum Betriebssystem resp. Browser.<\/p>\n<p>Diese Nutzungsdaten bilden die Basis f\u00fcr statistische, anonyme Auswertungen, so dass Trends erkennbar sind, anhand derer wir unsere Angebote entsprechend verbessern k\u00f6nnen.<\/p>\n<p>&nbsp;<\/p>\n<h3>Datenschutz<\/h3>\n<p>F\u00fcr die Website des Flipperclub Regio Basel ist der Schutz der Privatsph\u00e4re und pers\u00f6nlicher Daten von grosser Wichtigkeit. Diesem Aspekt schenken wir auch in der Umsetzung unserer Internet-Aktivit\u00e4ten hohe Beachtung. Unsere Datenschutzpraxis steht im Einklang mit den geltenden datenschutzrechtlichen Bestimmungen der Schweiz.<\/p>\n<p>Um deine Daten gegen zuf\u00e4llige oder vors\u00e4tzliche Manipulation, Verlust, Zerst\u00f6rung oder den Zugriff durch unberechtigte Personen bestm\u00f6glich zu sch\u00fctzen, setzen wir technische und organisatorische Sicherheitsmassnahmen ein. Gem\u00e4ss der technischen Entwicklung werden wir diese Sicherheitsmassnahmen kontinuierlich optimieren.<\/p>\n<p>&nbsp;<\/p>\n<h3>Hinweise zur Verwendung von Eingabemasken (Anfragen und Anmeldungen an den Vorstand)<\/h3>\n<p>Die von der betroffenen Person eingegebenen personenbezogenen Daten werden ausschlie\u00dflich f\u00fcr die interne Verwendung und f\u00fcr eigene Zwecke erhoben und gespeichert. Der f\u00fcr die Verarbeitung Verantwortliche kann die Weitergabe an einen oder mehrere Auftragsverarbeiter, beispielsweise an einen Turnierleiter, veranlassen, der die personenbezogenen Daten ebenfalls ausschlie\u00dflich f\u00fcr eine interne Verwendung, die dem f\u00fcr die Verarbeitung Verantwortlichen zuzurechnen ist, nutzt.<\/p>\n<p>Die hinterlegten Daten werden von uns nur solange gespeichert, bis die Mitgliedschaft ausl\u00e4uft oder durch das Mitglied fr\u00fchzeitig beendet wird.<\/p>\n<p>&nbsp;<\/p>\n<h3>Registrierung Newsletter<\/h3>\n<p>Jede Person kann sich auf der Webeite f\u00fcr einen Newsletter anmelden. Es werden nur die Emailadresse, Vorname und Name abgefragt (wobei Vorname und Name freiwillig sind). Weitere Daten werden nicht erhoben. Diese Daten verwenden wir nur f\u00fcr den Versand der News und Infos rund um unsere Vereinsaktivit\u00e4ten und geben diese nicht an Dritte weiter.<\/p>\n<p>Die Verarbeitung der in das Newsletteranmeldeformular eingegebenen Daten erfolgt ausschlie\u00dflich auf Grundlage Ihrer Einwilligung (Art. 13 Abs. 1 DSG Art. 6 Abs. 1 lit. a DSGVO). Die erteilte Einwilligung zur Speicherung der Daten, der E-Mail-Adresse sowie deren Nutzung zum Versand des Newsletters kann man jederzeit widerrufen; etwa \u00fcber den &#8222;Austragen&#8220;-Link im Newsletter selber.<\/p>\n<p>Die hinterlegten Daten werden von uns bis zu Ihrer Austragung aus dem Newsletter gespeichert und nach der Abbestellung des Newsletters oder bei Beendigung der Mitgliedschaft gel\u00f6scht.<\/p>\n<p>&nbsp;<\/p>\n<h3>Cookies<\/h3>\n<p>Diese Webseite verwendet teilweise so genannte Cookies. Cookies richten auf dem Rechner keinen Schaden an und enthalten keine Viren. Cookies dienen dazu, unser Angebot nutzerfreundlicher, effektiver und sicherer zu machen. Cookies sind kleine Textdateien, die auf deinem Rechner abgelegt werden und die dein Browser speichert.<\/p>\n<p>Die meisten der von uns verwendeten Cookies sind so genannte \u201eSession-Cookies\u201c. Sie werden nach Ende Ihres Besuchs automatisch gel\u00f6scht. Andere Cookies bleiben auf deinem Endger\u00e4t gespeichert, bis du sie l\u00f6schst. Diese Cookies erm\u00f6glichen es uns, deinen Browser beim n\u00e4chsten Besuch wiederzuerkennen.<\/p>\n<p>Du kannst dein Browser so einstellen, dass du \u00fcber das Setzen von Cookies informiert wirst und Cookies nur im Einzelfall erlauben, die Annahme von Cookies f\u00fcr bestimmte F\u00e4lle oder generell ausschlie\u00dfen sowie das automatische L\u00f6schen der Cookies beim Schlie\u00dfen des Browser aktivieren. Bei der Deaktivierung von Cookies kann die Funktionalit\u00e4t dieser Website eingeschr\u00e4nkt sein.<\/p>\n<p>&nbsp;<\/p>\n<h3>Server-Log-Files<\/h3>\n<p>Der Provider der Seiten unserer Webseite erhebt&nbsp;und speichert automatisch Informationen in so genannten Server-Log Files, die&nbsp;Ihr&nbsp;dein&nbsp;Browser automatisch an uns \u00fcbermittelt. Dies sind:<\/p>\n<ul>\n<li>Browsertyp und Browserversion verwendetes Betriebssystem<\/li>\n<li>Referrer URL<\/li>\n<li>Hostname des zugreifenden Rechners<\/li>\n<li>Uhrzeit der Serveranfrage<\/li>\n<\/ul>\n<p>Diese Daten sind nicht bestimmten Personen zuordenbar. Eine Zusammenf\u00fchrung dieser Daten mit anderen Datenquellen wird nicht vorgenommen. Wir behalten uns vor, diese Daten nachtr\u00e4glich zu pr\u00fcfen, wenn uns konkrete Anhaltspunkte f\u00fcr eine rechtswidrige Nutzung bekannt werden.<\/p>\n<p>&nbsp;<\/p>\n<h3>Kontaktformular (Vorstand)<\/h3>\n<p>Wenn du den Vorstand per Kontaktformular Anfragen zukommen lassen willst, werden deine Angaben aus dem Anfrageformular inklusive der von dir dort angegebenen Kontaktdaten zwecks Bearbeitung der Anfrage und f\u00fcr den Fall von Anschlussfragen bei uns gespeichert. Diese Daten geben wir nicht ohne Einwilligung weiter.<\/p>\n<p>&nbsp;<\/p>\n<h3>Auskunft, L\u00f6schung, Sperrung<\/h3>\n<p>Du hast jederzeit das Recht auf unentgeltliche Auskunft \u00fcber deine gespeicherten personenbezogenen Daten, deren Herkunft und Empf\u00e4nger und den Zweck der Datenverarbeitung sowie ein Recht auf Berichtigung, Sperrung oder L\u00f6schung dieser Daten. Hierzu sowie zu weiteren Fragen zum Thema personenbezogene Daten kannst du dich jederzeit unter der&nbsp;<a href=\"http:\/\/www.flipperclubbasel.ch\/index.php\/impressum\/\" target=\"_blank\" rel=\"noopener noreferrer\">im Impressum<\/a>&nbsp;angegebenen Kontakt-Adresse an uns wenden.<\/p>\n<p>&nbsp;<\/p>\n<\/div>\n<\/div>\n<h3>Kommentare<\/h3>\n<p>Wenn Besucher Kommentare auf der Website schreiben, sammeln wir die Daten, die im Kommentar-Formular angezeigt werden, au\u00dferdem die IP-Adresse des Besuchers und den User-Agent-String (damit wird der Browser identifiziert), um die Erkennung von Spam zu unterst\u00fctzen.<\/p>\n<p>&nbsp;<\/p>\n<h3>Eingebettete Inhalte von anderen Websites<\/h3>\n<p>Beitr\u00e4ge auf dieser Website k\u00f6nnen eingebettete Inhalte beinhalten (z.&nbsp;B. Videos, Bilder, Beitr\u00e4ge etc.). Eingebettete Inhalte von anderen Websites verhalten sich exakt so, als ob der Besucher die andere Website besucht h\u00e4tte.<\/p>\n<p>Diese Websites k\u00f6nnen Daten \u00fcber dich sammeln, Cookies benutzen, zus\u00e4tzliche Tracking-Dienste von Dritten einbetten und deine Interaktion mit diesem eingebetteten Inhalt aufzeichnen, inklusive deiner Interaktion mit dem eingebetteten Inhalt, falls du ein Konto hast und auf dieser Website angemeldet bist.<\/p>\n<p>&nbsp;<\/p>\n<h2>MailPoet-Newsletter und E-Mails<\/h2>\n<p>Falls du unseren Newsletter abonniert hast besteht eine hohe Wahrscheinlichkeit, dass du E-Mails von uns erh\u00e4ltst.<\/p>\n<p>Wir werden dir nur dann E-Mails senden, wenn du dazu eingewilligt hast oder die unsere Dienstleistungen betreffen, die wir dir angeboten haben.<\/p>\n<p>Um dir E-Mails zu senden, benutzen wir den Namen und die E-Mail-Adresse, die du uns angegeben hast. Unsere Website zeichnet die IP-Adresse auf, die du bei der Anmeldung f\u00fcr die Dienstleistung benutzt hast, um Missbrauch zu verhindern.<\/p>\n<p>Die Website kann E-Mails \u00fcber den <a href=\"https:\/\/www.mailpoet.com\/privacy-notice\/\" target=\"_blank\" rel=\"noopener noreferrer\">MailPoet Sending Service<\/a> versenden. Dieser Dienst erm\u00f6glicht es uns, \u00d6ffnungen und Klicks auf unsere E-Mails aufzuzeichnen. Wir benutzen diese Informationen, um die Inhalte unserer Newsletter zu verbessern.<\/p>\n<p>Es werden au\u00dfer der E-Mail-Adresse keine identifizierbaren Informationen au\u00dferhalb dieser Website aufgezeichnet.<\/p>\n<h2>&nbsp;<\/h2>\n<h2>Gwolle Guestbook<\/h2>\n<div class=\"policy-text\">\n<p>Wenn Besucher auf der Website Eintr\u00e4ge hinterlassen, speichern wir die in das G\u00e4stebuch-Formular eingegebenen Daten sowie m\u00f6glicherweise auch die IP-Adresse und den Host-Namen des Besuchers, um die Spam-Erkennung zu verbessern.<\/p>\n<p>Eine anonymisierte Zeichenkette (auch Hash genannt), die aus deiner E-Mail-Adresse erstellt wurde, kann dem Dienst Gravatar zur Verf\u00fcgung gestellt werden, um zu \u00fcberpr\u00fcfen, ob du diesen verwendest. Die Datenschutzerkl\u00e4rung des Dienstes Gravatar ist hier verf\u00fcgbar: https:\/\/automattic.com\/privacy\/. Nach Freischaltung deines Eintrags ist dein Profilbild im Zusammenhang mit deinem G\u00e4stebuch-Eintrag \u00f6ffentlich sichtbar.<\/p>\n<p>Der abgeschickte Eintrag und seine Metadaten k\u00f6nnen zu Drittanbietern wie z.&nbsp;B. Akismet und Stop Forum Spam gesendet werden, um die Spam-Erkennung zu verbessern. Deren jeweilige Datenschutzerkl\u00e4rungen finden sich unter <a href=\"https:\/\/automattic.com\/privacy\/\">https:\/\/automattic.com\/privacy\/<\/a> und <a href=\"https:\/\/www.stopforumspam.com\/privacy\">https:\/\/www.stopforumspam.com\/privacy<\/a>.<\/p>\n<\/div>\n<p>&nbsp;<\/p>\n<h2>POWr Plugins<\/h2>\n<p>Die Webseite Flipperclubbasel.ch benutzt Plugins von POWr (Besucherz\u00e4hler und Countdown-Timer). Wir verweisen auf deren Datenschutz der hier eingesehen werden kann:&nbsp;<a href=\"https:\/\/www.powr.io\/privacy\" target=\"_blank\" rel=\"noopener noreferrer\">https:\/\/www.powr.io\/privacy<\/a><\/p>\n","protected":false},"excerpt":{"rendered":"<p>Allgemein Gest\u00fctzt auf Artikel 13 der schweizerischen Bundesverfassung und die datenschutzrechtlichen Bestimmungen des Bundes (Datenschutzgesetz, DSG) hat jede Person Anspruch auf Schutz ihrer Privatsph\u00e4re sowie auf Schutz vor Missbrauch ihrer pers\u00f6nlichen Daten. Wir halten diese Bestimmungen ein. Pers\u00f6nliche Daten werden&hellip; <\/p>\n","protected":false},"author":1,"featured_media":0,"parent":204,"menu_order":0,"comment_status":"closed","ping_status":"closed","template":"","meta":{"ngg_post_thumbnail":0,"_price":"","_stock":"","_tribe_ticket_header":"","_tribe_default_ticket_provider":"","_tribe_ticket_capacity":"0","_ticket_start_date":"","_ticket_end_date":"","_tribe_ticket_show_description":"","_tribe_ticket_show_not_going":false,"_tribe_ticket_use_global_stock":"","_tribe_ticket_global_stock_level":"","_global_stock_mode":"","_global_stock_cap":"","_tribe_rsvp_for_event":"","_tribe_ticket_going_count":"","_tribe_ticket_not_going_count":"","_tribe_tickets_list":"[]","_tribe_ticket_has_attendee_info_fields":false,"jetpack_post_was_ever_published":false,"footnotes":""},"class_list":["post-2807","page","type-page","status-publish","hentry"],"jetpack_sharing_enabled":true,"jetpack_shortlink":"https:\/\/wp.me\/P7a9OP-Jh","_links":{"self":[{"href":"https:\/\/www.flipperclubbasel.ch\/index.php\/wp-json\/wp\/v2\/pages\/2807","targetHints":{"allow":["GET"]}}],"collection":[{"href":"https:\/\/www.flipperclubbasel.ch\/index.php\/wp-json\/wp\/v2\/pages"}],"about":[{"href":"https:\/\/www.flipperclubbasel.ch\/index.php\/wp-json\/wp\/v2\/types\/page"}],"author":[{"embeddable":true,"href":"https:\/\/www.flipperclubbasel.ch\/index.php\/wp-json\/wp\/v2\/users\/1"}],"replies":[{"embeddable":true,"href":"https:\/\/www.flipperclubbasel.ch\/index.php\/wp-json\/wp\/v2\/comments?post=2807"}],"version-history":[{"count":13,"href":"https:\/\/www.flipperclubbasel.ch\/index.php\/wp-json\/wp\/v2\/pages\/2807\/revisions"}],"predecessor-version":[{"id":3826,"href":"https:\/\/www.flipperclubbasel.ch\/index.php\/wp-json\/wp\/v2\/pages\/2807\/revisions\/3826"}],"up":[{"embeddable":true,"href":"https:\/\/www.flipperclubbasel.ch\/index.php\/wp-json\/wp\/v2\/pages\/204"}],"wp:attachment":[{"href":"https:\/\/www.flipperclubbasel.ch\/index.php\/wp-json\/wp\/v2\/media?parent=2807"}],"curies":[{"name":"wp","href":"https:\/\/api.w.org\/{rel}","templated":true}]}}