{"id":252,"date":"2022-06-12T20:25:48","date_gmt":"2022-06-12T18:25:48","guid":{"rendered":"http:\/\/www.flipperclubbasel.ch\/?page_id=252"},"modified":"2026-03-18T20:54:59","modified_gmt":"2026-03-18T19:54:59","slug":"oeffnungszeiten","status":"publish","type":"page","link":"https:\/\/www.flipperclubbasel.ch\/index.php\/flipperclub-regio-basel\/oeffnungszeiten\/","title":{"rendered":"\u00d6ffnungszeiten"},"content":{"rendered":"<hr>\n<h4 style=\"text-align: center;\"><strong style=\"color: #000080; font-size: 22px; text-decoration: underline;\">\u00d6ffnungen 2026<\/strong><\/h4>\n<p>&nbsp;<\/p>\n<p style=\"text-align: center;\"><b><span style=\"color: #800000;\"><span style=\"caret-color: #800000;\"><span style=\"color: #000000;\">Wir empfehlen Gruppen mit mehr als f\u00fcnf Personen, zu Beginn einer \u00d6ffnungszeit zu kommen.<\/span> Reservationen sind nicht m\u00f6glich.<\/span><\/span><\/b><\/p>\n<p style=\"text-align: center;\"><span style=\"color: #800000;\"><span style=\"caret-color: #800000;\"><b><\/b><strong>Je nach Auslastung, m\u00fcssen wir Personen leider abweisen.<\/strong><br \/>\n<\/span><\/span><strong><span style=\"color: #800000;\">Herzlichen Dank f\u00fcr das Verst\u00e4ndnis!<\/span><\/strong><\/p>\n<h5 style=\"text-align: center;\"><span style=\"color: #ff0000;\"><strong><br \/>\nAusschliesslich Barzahlung m\u00f6glich!<\/strong><\/span><\/h5>\n<h4 style=\"text-align: center;\">&nbsp;<\/h4>\n<p><img loading=\"lazy\" decoding=\"async\" class=\"aligncenter wp-image-9642\" src=\"http:\/\/www.flipperclubbasel.ch\/wordpress\/wp-content\/uploads\/2026\/02\/Oeffnungen-2026-NEU-300x195.png\" alt=\"\" width=\"818\" height=\"532\" srcset=\"https:\/\/www.flipperclubbasel.ch\/wordpress\/wp-content\/uploads\/2026\/02\/Oeffnungen-2026-NEU-300x195.png 300w, https:\/\/www.flipperclubbasel.ch\/wordpress\/wp-content\/uploads\/2026\/02\/Oeffnungen-2026-NEU-1024x666.png 1024w, https:\/\/www.flipperclubbasel.ch\/wordpress\/wp-content\/uploads\/2026\/02\/Oeffnungen-2026-NEU-768x500.png 768w, https:\/\/www.flipperclubbasel.ch\/wordpress\/wp-content\/uploads\/2026\/02\/Oeffnungen-2026-NEU-1536x999.png 1536w, https:\/\/www.flipperclubbasel.ch\/wordpress\/wp-content\/uploads\/2026\/02\/Oeffnungen-2026-NEU-2048x1333.png 2048w, https:\/\/www.flipperclubbasel.ch\/wordpress\/wp-content\/uploads\/2026\/02\/Oeffnungen-2026-NEU-1320x859.png 1320w\" sizes=\"auto, (max-width: 818px) 100vw, 818px\" \/><\/p>\n<h5>&nbsp;<\/h5>\n<h5><span style=\"color: #ff0000;\"><strong>\u00c4NDERUNGEN<\/strong>:<\/span><\/h5>\n<ul>\n<li>Der Offene Donnschtig im September wurde von Do. 03.09 auf den Do. 10.09. verschoben !!<\/li>\n<\/ul>\n<hr>\n<h5 style=\"text-align: center;\"><span style=\"color: #333399;\">Wir vermieten unser Clublokal f\u00fcr geschlossene Gesellschaften (privater Anlass) ab 10 und bis zu 50 Personen. <\/span><span style=\"color: #000080;\"><span style=\"font-family: Ubuntu, sans-serif; font-size: 22px;\">Kontakt<\/span><span style=\"font-family: Ubuntu, sans-serif; font-size: 22px;\">&nbsp;\u00fcber unser <\/span><\/span><span style=\"color: #008000;\"><a style=\"color: #008000;\" href=\"https:\/\/www.flipperclubbasel.ch\/index.php\/mietanfrage\/\" target=\"_blank\" rel=\"noopener noreferrer\">Formular Mietanfrage<\/a><br \/>\n<\/span><\/h5>\n<h5 style=\"text-align: center;\"><span style=\"color: #000080;\"><span style=\"font-family: Ubuntu, sans-serif; font-size: 22px;\">oder Nachricht an <\/span><\/span><span style=\"color: #008000;\"><a style=\"color: #008000;\" href=\"mailto:event@flipperclubbasel.ch\">event@flipperclubbasel.ch<\/a><\/span><\/h5>\n<h5 style=\"text-align: center;\">&nbsp;<\/h5>\n<p style=\"text-align: center;\"><span style=\"color: #800000;\">Deine Anfrage nehmen wir <\/span><span style=\"color: #800000;\">gerne entgegen. <\/span><span style=\"color: #800000;\">Solltest du innerhalb einer Woche keine Antwort von uns im Posteingang haben, kontrolliere bitte den Spam-Ordner deines Email Account. Bitte frage nochmals bei uns nach wenn auch im Spam-Ordner nichts zu finden ist.<\/span><\/p>\n<hr>\n<div class=\"printfriendly pf-button  pf-alignleft\">\n                    <a href=\"https:\/\/www.flipperclubbasel.ch\/index.php\/flipperclub-regio-basel\/oeffnungszeiten\/?pfstyle=wp\" rel=\"nofollow\" onclick=\"\" title=\"Printer Friendly, PDF & Email\">\n                    <img decoding=\"async\" class=\"pf-button-img\" src=\"https:\/\/cdn.printfriendly.com\/buttons\/printfriendly-pdf-email-button-notext.png\" alt=\"Print Friendly, PDF & Email\" style=\"width: 110px;height: 30px;\"  \/>\n                    <\/a>\n                <\/div>\n","protected":false},"excerpt":{"rendered":"<p>\u00d6ffnungen 2026 &nbsp; Wir empfehlen Gruppen mit mehr als f\u00fcnf Personen, zu Beginn einer \u00d6ffnungszeit zu kommen. Reservationen sind nicht m\u00f6glich. Je nach Auslastung, m\u00fcssen wir Personen leider abweisen. Herzlichen Dank f\u00fcr das Verst\u00e4ndnis! Ausschliesslich Barzahlung m\u00f6glich! &nbsp; &nbsp; \u00c4NDERUNGEN:&hellip; <\/p>\n","protected":false},"author":2,"featured_media":0,"parent":204,"menu_order":0,"comment_status":"closed","ping_status":"closed","template":"","meta":{"ngg_post_thumbnail":0,"_price":"","_stock":"","_tribe_ticket_header":"","_tribe_default_ticket_provider":"","_tribe_ticket_capacity":"0","_ticket_start_date":"","_ticket_end_date":"","_tribe_ticket_show_description":"","_tribe_ticket_show_not_going":false,"_tribe_ticket_use_global_stock":"","_tribe_ticket_global_stock_level":"","_global_stock_mode":"","_global_stock_cap":"","_tribe_rsvp_for_event":"","_tribe_ticket_going_count":"","_tribe_ticket_not_going_count":"","_tribe_tickets_list":"[]","_tribe_ticket_has_attendee_info_fields":false,"jetpack_post_was_ever_published":false,"footnotes":""},"class_list":["post-252","page","type-page","status-publish","hentry"],"jetpack_sharing_enabled":true,"jetpack_shortlink":"https:\/\/wp.me\/P7a9OP-44","_links":{"self":[{"href":"https:\/\/www.flipperclubbasel.ch\/index.php\/wp-json\/wp\/v2\/pages\/252","targetHints":{"allow":["GET"]}}],"collection":[{"href":"https:\/\/www.flipperclubbasel.ch\/index.php\/wp-json\/wp\/v2\/pages"}],"about":[{"href":"https:\/\/www.flipperclubbasel.ch\/index.php\/wp-json\/wp\/v2\/types\/page"}],"author":[{"embeddable":true,"href":"https:\/\/www.flipperclubbasel.ch\/index.php\/wp-json\/wp\/v2\/users\/2"}],"replies":[{"embeddable":true,"href":"https:\/\/www.flipperclubbasel.ch\/index.php\/wp-json\/wp\/v2\/comments?post=252"}],"version-history":[{"count":282,"href":"https:\/\/www.flipperclubbasel.ch\/index.php\/wp-json\/wp\/v2\/pages\/252\/revisions"}],"predecessor-version":[{"id":9755,"href":"https:\/\/www.flipperclubbasel.ch\/index.php\/wp-json\/wp\/v2\/pages\/252\/revisions\/9755"}],"up":[{"embeddable":true,"href":"https:\/\/www.flipperclubbasel.ch\/index.php\/wp-json\/wp\/v2\/pages\/204"}],"wp:attachment":[{"href":"https:\/\/www.flipperclubbasel.ch\/index.php\/wp-json\/wp\/v2\/media?parent=252"}],"curies":[{"name":"wp","href":"https:\/\/api.w.org\/{rel}","templated":true}]}}