{"id":1033,"date":"2016-06-12T22:13:55","date_gmt":"2016-06-12T20:13:55","guid":{"rendered":"http:\/\/www.flipperclubbasel.ch\/?page_id=1033"},"modified":"2026-04-12T23:16:11","modified_gmt":"2026-04-12T21:16:11","slug":"turniere","status":"publish","type":"page","link":"https:\/\/www.flipperclubbasel.ch\/index.php\/turniere\/","title":{"rendered":"Turniere"},"content":{"rendered":"<hr>\n<p><strong>Hier findest du alle&nbsp;<\/strong><strong>&nbsp;im Flipperclub durchgef\u00fchrten Turniere.<\/strong><\/p>\n<p>Bei Fragen zu Turniere schreibe uns auf <a href=\"mailto:tournament@flipperclubbasel.ch\">tournament@flipperclubbasel.ch<\/a><\/p>\n<p>&nbsp;<\/p>\n<hr>\n<h4 style=\"text-align: left;\"><span style=\"color: #800000;\"><a style=\"color: #800000;\" href=\"https:\/\/www.flipperclubbasel.ch\/index.php\/2023\/04\/06\/turniere-im-flipperclub\/\" rel=\"noopener\">aktuelle Turnier\u00fcbersicht Flipperclub<\/a><\/span><\/h4>\n<p>&nbsp;<\/p>\n<h4 style=\"text-align: left;\"><span style=\"color: #800000;\"><a style=\"color: #800000;\" href=\"http:\/\/matchplay.live\/2024\" target=\"_blank\" rel=\"noopener\">Turnier\u00fcbersicht Matchplay<\/a><\/span><\/h4>\n<p>&nbsp;<\/p>\n<hr>\n<ul>\n<li>\n<h5><a href=\"https:\/\/www.flipperclubbasel.ch\/index.php\/team-alpha-turnier\/\" target=\"_blank\" rel=\"noopener\">Team Alpha Turnier<\/a><\/h5>\n<p>Turnierserie, Flip-Frenzy (ab Jan 2026)<br \/>\nTurnierserie, Head-2-Head, MaxMatchplay (Jan 2023 &#8211; Dez 2025)<br \/>\nTurnierserie, Gruppen Knockout 4 Strikes (Dez 2021 &#8211; Dez 2022)<\/li>\n<\/ul>\n<hr>\n<ul>\n<li>\n<h5><a href=\"https:\/\/www.flipperclubbasel.ch\/index.php\/member-victory-race\/\" target=\"_blank\" rel=\"noopener noreferrer\">Member-Victory-Race<\/a><\/h5>\n<p>Turnierserie, Gruppen Match Play (ab Jan 2023)<br \/>\nTurnierserie, Flip-Frenzy (Dez 2021 &#8211; Dez 2022)<br \/>\nTurnierserie, Gruppen Knockout 3 Strikes (Juni 2019 &#8211; Nov 2021)<\/li>\n<\/ul>\n<hr>\n<ul>\n<li>\n<h5><a href=\"https:\/\/www.flipperclubbasel.ch\/index.php\/9-flipperturnier-regio-basel\/\">9. Flipperturnier Regio Basel<\/a><\/h5>\n<p>05. September 2026<\/li>\n<li>\n<h5><a href=\"https:\/\/www.flipperclubbasel.ch\/index.php\/8-flipperturnier-regio-basel\/\">8. Flipperturnier Regio Basel<\/a><\/h5>\n<p>21. Juni 2025<\/li>\n<li>\n<h5><a href=\"https:\/\/www.flipperclubbasel.ch\/index.php\/7-flipperturnier-regio-basel\/\">7. Flipperturnier Regio Basel<\/a><\/h5>\n<p>22. Juni 2024<\/li>\n<li>\n<h5><a href=\"https:\/\/www.flipperclubbasel.ch\/index.php\/6-flipperturnier-regio-basel\/\" target=\"_blank\" rel=\"noopener\">6. Flipperturnier Regio Basel<\/a><\/h5>\n<p>17. Juni 2023<\/li>\n<li>\n<h5><a href=\"https:\/\/www.flipperclubbasel.ch\/index.php\/5-flipperturnier-regio-basel\/\" target=\"_blank\" rel=\"noopener\">5. Flipperturnier Regio Basel<\/a><\/h5>\n<p>24. September 2022<\/li>\n<li>\n<h5><a href=\"https:\/\/www.flipperclubbasel.ch\/index.php\/4flipturregbas\/\" target=\"_blank\" rel=\"noopener noreferrer\">4. Flipperturnier Regio Basel<\/a><\/h5>\n<p>28. September 2019<\/li>\n<li>\n<h5><a href=\"http:\/\/www.flipperclubbasel.ch\/index.php\/3flipturregbas\/\" target=\"_blank\" rel=\"noopener noreferrer\">3. Flipperturnier Regio Basel<\/a><\/h5>\n<p>13. Oktober 2018<\/li>\n<li>\n<h5><a href=\"http:\/\/www.flipperclubbasel.ch\/index.php\/2-flipperturnier-regio-basel\/\">2. Flipperturnier Regio Basel<\/a><\/h5>\n<p>14. Oktober 2017<\/li>\n<li>\n<h5><a href=\"http:\/\/www.flipperclubbasel.ch\/index.php\/1-flipperturnier-regio-basel\/\">1. Flipperturnier Regio Basel<\/a><\/h5>\n<p>29. Oktober 2016<\/li>\n<li>\n<h5><a href=\"https:\/\/www.flipperclubbasel.ch\/index.php\/basler-sommer-challenge-2022\/\" target=\"_blank\" rel=\"noopener\">Basler-Sommer-Challenge 2022<\/a>&nbsp;&nbsp;<\/h5>\n<p>Quali: Juni, Juli, August \/ Finale: September 2022<\/li>\n<li>\n<h5><a href=\"https:\/\/wp.me\/P7a9OP-XJ\" target=\"_blank\" rel=\"noopener noreferrer\">Basler-Sommer-Challenge 2019<\/a>&nbsp;&nbsp;<\/h5>\n<p>Quali: Juni, Juli, August \/ Finale: September 2019<\/li>\n<li>\n<h5><a href=\"https:\/\/wp.me\/P7a9OP-FJ\" target=\"_blank\" rel=\"noopener noreferrer\">Basler-Sommer-Challenge 2018<\/a>&nbsp;&nbsp;<\/h5>\n<p>Quali: Juni, Juli, August \/ Finale: September 2018<\/li>\n<li>\n<h5><a href=\"http:\/\/wp.me\/P7a9OP-rU\" target=\"_blank\" rel=\"noopener noreferrer\">Basler-Sommer-Challenge 2017<\/a> &nbsp;&nbsp;<\/h5>\n<p>Quali: Juni, Juli, August \/ Finale: September 2017<\/li>\n<li>\n<h5><a href=\"http:\/\/wp.me\/P7a9OP-gO\">Summer-Highscore-Challenge 2016<\/a><\/h5>\n<p>Juni\/Juli\/August 2016<\/li>\n<\/ul>\n","protected":false},"excerpt":{"rendered":"<p>Hier findest du alle&nbsp;&nbsp;im Flipperclub durchgef\u00fchrten Turniere. Bei Fragen zu Turniere schreibe uns auf tournament@flipperclubbasel.ch &nbsp; aktuelle Turnier\u00fcbersicht Flipperclub &nbsp; Turnier\u00fcbersicht Matchplay &nbsp; Team Alpha Turnier Turnierserie, Flip-Frenzy (ab Jan 2026) Turnierserie, Head-2-Head, MaxMatchplay (Jan 2023 &#8211; Dez 2025) Turnierserie,&hellip; <\/p>\n","protected":false},"author":1,"featured_media":0,"parent":0,"menu_order":0,"comment_status":"closed","ping_status":"closed","template":"","meta":{"ngg_post_thumbnail":0,"_price":"","_stock":"","_tribe_ticket_header":"","_tribe_default_ticket_provider":"","_tribe_ticket_capacity":"0","_ticket_start_date":"","_ticket_end_date":"","_tribe_ticket_show_description":"","_tribe_ticket_show_not_going":false,"_tribe_ticket_use_global_stock":"","_tribe_ticket_global_stock_level":"","_global_stock_mode":"","_global_stock_cap":"","_tribe_rsvp_for_event":"","_tribe_ticket_going_count":"","_tribe_ticket_not_going_count":"","_tribe_tickets_list":"[]","_tribe_ticket_has_attendee_info_fields":false,"jetpack_post_was_ever_published":false,"footnotes":""},"class_list":["post-1033","page","type-page","status-publish","hentry"],"jetpack_sharing_enabled":true,"jetpack_shortlink":"https:\/\/wp.me\/P7a9OP-gF","_links":{"self":[{"href":"https:\/\/www.flipperclubbasel.ch\/index.php\/wp-json\/wp\/v2\/pages\/1033","targetHints":{"allow":["GET"]}}],"collection":[{"href":"https:\/\/www.flipperclubbasel.ch\/index.php\/wp-json\/wp\/v2\/pages"}],"about":[{"href":"https:\/\/www.flipperclubbasel.ch\/index.php\/wp-json\/wp\/v2\/types\/page"}],"author":[{"embeddable":true,"href":"https:\/\/www.flipperclubbasel.ch\/index.php\/wp-json\/wp\/v2\/users\/1"}],"replies":[{"embeddable":true,"href":"https:\/\/www.flipperclubbasel.ch\/index.php\/wp-json\/wp\/v2\/comments?post=1033"}],"version-history":[{"count":71,"href":"https:\/\/www.flipperclubbasel.ch\/index.php\/wp-json\/wp\/v2\/pages\/1033\/revisions"}],"predecessor-version":[{"id":9814,"href":"https:\/\/www.flipperclubbasel.ch\/index.php\/wp-json\/wp\/v2\/pages\/1033\/revisions\/9814"}],"wp:attachment":[{"href":"https:\/\/www.flipperclubbasel.ch\/index.php\/wp-json\/wp\/v2\/media?parent=1033"}],"curies":[{"name":"wp","href":"https:\/\/api.w.org\/{rel}","templated":true}]}}